{"id":1241,"date":"2019-03-15T10:22:45","date_gmt":"2019-03-15T14:22:45","guid":{"rendered":"https:\/\/agencedcm.com\/our-cheeses\/tete-a-papineau\/"},"modified":"2019-04-02T16:25:41","modified_gmt":"2019-04-02T20:25:41","slug":"tete-a-papineau","status":"publish","type":"product","link":"https:\/\/agencedcm.com\/en\/our-cheeses\/tete-a-papineau\/","title":{"rendered":"T\u00eate \u00e0 Papineau"},"content":{"rendered":"<p>[et_pb_section fb_built=&#8221;1&#8243; _builder_version=&#8221;3.20.2&#8243; custom_padding=&#8221;0|0px|50px|0px|false|false&#8221;][et_pb_row custom_padding=&#8221;0|0px|27px|0px|false|false&#8221; _builder_version=&#8221;3.19.18&#8243;][et_pb_column type=&#8221;4_4&#8243; _builder_version=&#8221;3.19.18&#8243;][et_pb_image src=&#8221;https:\/\/agencedcm.com\/wp-content\/uploads\/2019\/03\/img-vache-2.jpg&#8221; _builder_version=&#8221;3.20.2&#8243; animation_style=&#8221;fade&#8221; animation_delay=&#8221;1000ms&#8221;][\/et_pb_image][et_pb_text _builder_version=&#8221;3.20.2&#8243; animation_style=&#8221;fade&#8221; animation_delay=&#8221;500ms&#8221;]<\/p>\n<div class=\"g\">\n<div data-hveid=\"CAkQAA\" data-ved=\"2ahUKEwjrg5Tl6vDgAhVq3IMKHQqiDjcQFSgAMAB6BAgJEAA\">\n<div class=\"rc\">\n<div class=\"s\">\n<h3>Distinctions<\/h3>\n<div><\/div>\n<\/div>\n<\/div>\n<\/div>\n<\/div>\n<p>[\/et_pb_text][\/et_pb_column][\/et_pb_row][et_pb_row _builder_version=&#8221;3.20.2&#8243; animation_style=&#8221;fade&#8221; animation_delay=&#8221;500ms&#8221;][et_pb_column type=&#8221;1_4&#8243; _builder_version=&#8221;3.19.18&#8243;][et_pb_image src=&#8221;https:\/\/agencedcm.com\/wp-content\/uploads\/2019\/03\/logo_finaliste_caseus_2017-fin.png&#8221; align=&#8221;center&#8221; _builder_version=&#8221;3.20.2&#8243;][\/et_pb_image][\/et_pb_column][et_pb_column type=&#8221;3_4&#8243; _builder_version=&#8221;3.19.18&#8243;][et_pb_text _builder_version=&#8221;3.20.2&#8243; text_font=&#8221;||||||||&#8221; text_font_size=&#8221;14px&#8221;]<em>Finalist at the <strong>2015 and 2017 CASEUS Selection<\/strong>, category Semi-firm cheese with washed rind, mixed or natural.<\/em>[\/et_pb_text][\/et_pb_column][\/et_pb_row][et_pb_row use_custom_gutter=&#8221;on&#8221; _builder_version=&#8221;3.20.2&#8243; animation_style=&#8221;fade&#8221; animation_delay=&#8221;500ms&#8221;][et_pb_column type=&#8221;1_3&#8243; _builder_version=&#8221;3.19.18&#8243;][et_pb_text _builder_version=&#8221;3.20.2&#8243; text_font=&#8221;||||||||&#8221; custom_margin=&#8221;10px|20px||&#8221;]<\/p>\n<h3 class=\"title\">Food and wine pairing<\/h3>\n<p>&nbsp;<\/p>\n<p><strong>Wine:<\/strong><br \/>\nCider, sweet sake<\/p>\n<p><strong>Beer:<\/strong><\/p>\n<div id=\"pairings\" class=\"clearfix\">\n<div class=\"pairing\">\n<div class=\"pairing_infos\">Serve with a beer with a heavier hop taste.<\/div>\n<\/div>\n<\/div>\n<div class=\"block_keepingcheese\"><\/div>\n<p>[\/et_pb_text][\/et_pb_column][et_pb_column type=&#8221;1_3&#8243; _builder_version=&#8221;3.19.18&#8243;][et_pb_text _builder_version=&#8221;3.20.2&#8243; header_font=&#8221;||||||||&#8221; custom_margin=&#8221;10px|20px||&#8221;]<\/p>\n<h3>Technical informations<\/h3>\n<p><strong>Origin of milk \/ Treatment:<\/strong> Whole cow milk \/ Pasteurization<\/p>\n<p><strong>Ripening: <\/strong>60 days<\/p>\n<p><strong>Shelf life:<\/strong><\/p>\n<p><strong>Ingredients:<\/strong> Pasteurized milk, salt, rennet, calcium chloride, bacterial culture.<\/p>\n<p><strong>Manufacturing: <\/strong>Artisan<\/p>\n<p><strong>Allergen:<\/strong> Milk[\/et_pb_text][\/et_pb_column][et_pb_column type=&#8221;1_3&#8243; _builder_version=&#8221;3.19.18&#8243;][et_pb_image src=&#8221;https:\/\/agencedcm.com\/wp-content\/uploads\/2019\/03\/tete-a-papineau-200&#215;300.png&#8221; align=&#8221;center&#8221; _builder_version=&#8221;3.20.2&#8243;][\/et_pb_image][\/et_pb_column][\/et_pb_row][et_pb_row disabled_on=&#8221;off|off|off&#8221; _builder_version=&#8221;3.20.2&#8243; locked=&#8221;off&#8221;][et_pb_column type=&#8221;4_4&#8243; _builder_version=&#8221;3.20.2&#8243;][et_pb_button button_url=&#8221;https:\/\/agencedcm.com\/wp-content\/uploads\/2019\/03\/tete-a-papineau-fiche-technique.pdf&#8221; url_new_window=&#8221;on&#8221; button_text=&#8221;Technical sheet (PDF)&#8221; button_alignment=&#8221;center&#8221; _builder_version=&#8221;3.20.2&#8243;][\/et_pb_button][\/et_pb_column][\/et_pb_row][\/et_pb_section][et_pb_section fb_built=&#8221;1&#8243; fullwidth=&#8221;on&#8221; disabled_on=&#8221;off|off|off&#8221; _builder_version=&#8221;3.20.2&#8243; background_image=&#8221;https:\/\/agencedcm.com\/wp-content\/uploads\/2019\/03\/artisans.jpg&#8221; parallax=&#8221;on&#8221; parallax_method=&#8221;off&#8221; custom_padding=&#8221;500px|0px|0|0px|false|false&#8221; top_divider_color=&#8221;#ffffff&#8221; top_divider_height=&#8221;160px&#8221; top_divider_flip=&#8221;vertical&#8221; bottom_divider_color=&#8221;#ffffff&#8221; bottom_divider_height=&#8221;160px&#8221;][\/et_pb_section][et_pb_section fb_built=&#8221;1&#8243; _builder_version=&#8221;3.19.18&#8243; custom_padding=&#8221;54px|0px|0|0px|false|false&#8221;][et_pb_row use_custom_gutter=&#8221;on&#8221; _builder_version=&#8221;3.20.2&#8243; animation_style=&#8221;fade&#8221; animation_delay=&#8221;500ms&#8221;][et_pb_column type=&#8221;2_5&#8243; _builder_version=&#8221;3.19.18&#8243;][et_pb_image src=&#8221;https:\/\/agencedcm.com\/wp-content\/uploads\/2019\/03\/logo-fromagerie-montebello.png&#8221; align=&#8221;center&#8221; _builder_version=&#8221;3.20.2&#8243;][\/et_pb_image][\/et_pb_column][et_pb_column type=&#8221;3_5&#8243; _builder_version=&#8221;3.19.18&#8243;][et_pb_text _builder_version=&#8221;3.20.2&#8243; header_font=&#8221;||||||||&#8221; custom_margin=&#8221;10px|20px||&#8221;]<\/p>\n<h3>La Fromagerie Montebello<\/h3>\n<p>For years, Alain Boyer made cheese at Fromagerie in Plaisance, and then went in another direction\u2026 without ever forgetting his trade. In 2011, stars realigned. Fromagerie Montebello was born in the heart of the Petite-Nation, to cheese lovers\u2019 delight who first adopted T\u00eate \u00e0 Papineau cheese enthusiastically![\/et_pb_text][\/et_pb_column][\/et_pb_row][et_pb_row custom_padding=&#8221;27px|0px|0|0px|false|false&#8221; _builder_version=&#8221;3.19.18&#8243;][et_pb_column type=&#8221;4_4&#8243; _builder_version=&#8221;3.19.18&#8243;][et_pb_text _builder_version=&#8221;3.19.18&#8243; custom_margin=&#8221;||20px&#8221;]<\/p>\n<h2>Other cheeses<\/h2>\n<p>[\/et_pb_text][et_pb_shop type=&#8221;product_category&#8221; include_categories=&#8221;79&#8243; _builder_version=&#8221;3.20.2&#8243; title_font=&#8221;||||||||&#8221; title_text_align=&#8221;center&#8221;][\/et_pb_shop][\/et_pb_column][\/et_pb_row][\/et_pb_section]<\/p>\n","protected":false},"excerpt":{"rendered":"<p>An artisanal cheese of medium intensity, La T\u00eate \u00e0 Papineau has an orangey rind and a cream-coloured, smooth, unctuous paste. Its aromas are fruity and lactic, with an animal note. It boasts vegetal and fruity flavours with a hint of hazelnut. The name of this cheese, introduced in 2011, makes reference to a common French expression \u201c\u00e7a ne prend pas la t\u00eate \u00e0 Papineau,\u201d meaning that you don\u2019t need to be as smart as Louis-Joseph Papineau to understand a situation. The Papineau manor, erected at Montebello in 1850, is pictured on the package.<\/p>\n<table class=\"shop_attributes\" style=\"margin-top: 20px;\">\n<tbody>\n<tr>\n<th>Cheesemaker<\/th>\n<td>Fromagerie Montebello<\/td>\n<\/tr>\n<tr>\n<th>Type of milk<\/th>\n<td>Cow milk<\/td>\n<\/tr>\n<tr>\n<th>Type of paste<\/th>\n<td>Semi-firm<\/td>\n<\/tr>\n<tr>\n<th>Type of rind<\/th>\n<td>Washed<\/td>\n<\/tr>\n<tr>\n<th>Formats<\/th>\n<td style=\"padding-top: 10px; padding-bottom: 10px;\">\u2022 Wheel 1 x 1,9 kg (#12190)<\/td>\n<\/tr>\n<tr>\n<th>Moisture<\/th>\n<td>47 %<\/td>\n<\/tr>\n<tr>\n<th>M.F.<\/th>\n<td>28 %<\/td>\n<\/tr>\n<\/tbody>\n<\/table>\n","protected":false},"featured_media":1393,"comment_status":"closed","ping_status":"closed","template":"","meta":{"_et_pb_use_builder":"on","_et_pb_old_content":"","_et_gb_content_width":""},"product_cat":[20,48,21,72],"product_tag":[118],"yoast_head":"<!-- This site is optimized with the Yoast SEO plugin v23.5 - https:\/\/yoast.com\/wordpress\/plugins\/seo\/ -->\n<title>T\u00eate \u00e0 Papineau | Agence de ventes DCM<\/title>\n<meta name=\"robots\" content=\"index, follow, max-snippet:-1, max-image-preview:large, max-video-preview:-1\" \/>\n<link rel=\"canonical\" href=\"https:\/\/agencedcm.com\/nos-fromages\/tete-a-papineau\/\" \/>\n<meta property=\"og:locale\" content=\"en_US\" \/>\n<meta property=\"og:type\" content=\"article\" \/>\n<meta property=\"og:title\" content=\"T\u00eate \u00e0 Papineau | Agence de ventes DCM\" \/>\n<meta property=\"og:description\" content=\"An artisanal cheese of medium intensity, La T\u00eate \u00e0 Papineau has an orangey rind and a cream-coloured, smooth, unctuous paste. Its aromas are fruity and lactic, with an animal note. It boasts vegetal and fruity flavours with a hint of hazelnut. The name of this cheese, introduced in 2011, makes reference to a common French expression \u201c\u00e7a ne prend pas la t\u00eate \u00e0 Papineau,\u201d meaning that you don\u2019t need to be as smart as Louis-Joseph Papineau to understand a situation. The Papineau manor, erected at Montebello in 1850, is pictured on the package.    Cheesemaker Fromagerie Montebello   Type of milk Cow milk   Type of paste Semi-firm   Type of rind Washed   Formats \u2022 Wheel 1 x 1,9 kg (#12190)   Moisture 47 %   M.F. 28 %\" \/>\n<meta property=\"og:url\" content=\"https:\/\/agencedcm.com\/nos-fromages\/tete-a-papineau\/\" \/>\n<meta property=\"og:site_name\" content=\"Agence de ventes DCM\" \/>\n<meta property=\"article:modified_time\" content=\"2019-04-02T20:25:41+00:00\" \/>\n<meta property=\"og:image\" content=\"https:\/\/agencedcm.com\/wp-content\/uploads\/2019\/03\/tete-papineau-rev-tiny.png\" \/>\n\t<meta property=\"og:image:width\" content=\"750\" \/>\n\t<meta property=\"og:image:height\" content=\"750\" \/>\n\t<meta property=\"og:image:type\" content=\"image\/png\" \/>\n<meta name=\"twitter:card\" content=\"summary_large_image\" \/>\n<meta name=\"twitter:label1\" content=\"Est. reading time\" \/>\n\t<meta name=\"twitter:data1\" content=\"3 minutes\" \/>\n<script type=\"application\/ld+json\" class=\"yoast-schema-graph\">{\"@context\":\"https:\/\/schema.org\",\"@graph\":[{\"@type\":\"WebPage\",\"@id\":\"https:\/\/agencedcm.com\/nos-fromages\/tete-a-papineau\/\",\"url\":\"https:\/\/agencedcm.com\/nos-fromages\/tete-a-papineau\/\",\"name\":\"T\u00eate \u00e0 Papineau | Agence de ventes DCM\",\"isPartOf\":{\"@id\":\"https:\/\/agencedcm.com\/#website\"},\"primaryImageOfPage\":{\"@id\":\"https:\/\/agencedcm.com\/nos-fromages\/tete-a-papineau\/#primaryimage\"},\"image\":{\"@id\":\"https:\/\/agencedcm.com\/nos-fromages\/tete-a-papineau\/#primaryimage\"},\"thumbnailUrl\":\"https:\/\/agencedcm.com\/wp-content\/uploads\/2019\/03\/tete-papineau-rev-tiny.png\",\"datePublished\":\"2019-03-15T14:22:45+00:00\",\"dateModified\":\"2019-04-02T20:25:41+00:00\",\"breadcrumb\":{\"@id\":\"https:\/\/agencedcm.com\/nos-fromages\/tete-a-papineau\/#breadcrumb\"},\"inLanguage\":\"en-US\",\"potentialAction\":[{\"@type\":\"ReadAction\",\"target\":[\"https:\/\/agencedcm.com\/nos-fromages\/tete-a-papineau\/\"]}]},{\"@type\":\"ImageObject\",\"inLanguage\":\"en-US\",\"@id\":\"https:\/\/agencedcm.com\/nos-fromages\/tete-a-papineau\/#primaryimage\",\"url\":\"https:\/\/agencedcm.com\/wp-content\/uploads\/2019\/03\/tete-papineau-rev-tiny.png\",\"contentUrl\":\"https:\/\/agencedcm.com\/wp-content\/uploads\/2019\/03\/tete-papineau-rev-tiny.png\",\"width\":750,\"height\":750},{\"@type\":\"BreadcrumbList\",\"@id\":\"https:\/\/agencedcm.com\/nos-fromages\/tete-a-papineau\/#breadcrumb\",\"itemListElement\":[{\"@type\":\"ListItem\",\"position\":1,\"name\":\"Home\",\"item\":\"https:\/\/agencedcm.com\/en\/\"},{\"@type\":\"ListItem\",\"position\":2,\"name\":\"Our Cheeses\",\"item\":\"https:\/\/agencedcm.com\/en\/our-cheeses\/\"},{\"@type\":\"ListItem\",\"position\":3,\"name\":\"T\u00eate \u00e0 Papineau\"}]},{\"@type\":\"WebSite\",\"@id\":\"https:\/\/agencedcm.com\/#website\",\"url\":\"https:\/\/agencedcm.com\/\",\"name\":\"Agence de ventes DCM\",\"description\":\"Commercialisation de produits fins au Canada\",\"publisher\":{\"@id\":\"https:\/\/agencedcm.com\/#organization\"},\"potentialAction\":[{\"@type\":\"SearchAction\",\"target\":{\"@type\":\"EntryPoint\",\"urlTemplate\":\"https:\/\/agencedcm.com\/?s={search_term_string}\"},\"query-input\":{\"@type\":\"PropertyValueSpecification\",\"valueRequired\":true,\"valueName\":\"search_term_string\"}}],\"inLanguage\":\"en-US\"},{\"@type\":\"Organization\",\"@id\":\"https:\/\/agencedcm.com\/#organization\",\"name\":\"Agence de ventes DCM |\u00a0Authentique Fromage - Cheese\",\"url\":\"https:\/\/agencedcm.com\/\",\"logo\":{\"@type\":\"ImageObject\",\"inLanguage\":\"en-US\",\"@id\":\"https:\/\/agencedcm.com\/#\/schema\/logo\/image\/\",\"url\":\"https:\/\/agencedcm.com\/wp-content\/uploads\/2019\/03\/logo-authentique-@2x.jpg\",\"contentUrl\":\"https:\/\/agencedcm.com\/wp-content\/uploads\/2019\/03\/logo-authentique-@2x.jpg\",\"width\":410,\"height\":180,\"caption\":\"Agence de ventes DCM |\u00a0Authentique Fromage - Cheese\"},\"image\":{\"@id\":\"https:\/\/agencedcm.com\/#\/schema\/logo\/image\/\"}}]}<\/script>\n<!-- \/ Yoast SEO plugin. -->","yoast_head_json":{"title":"T\u00eate \u00e0 Papineau | Agence de ventes DCM","robots":{"index":"index","follow":"follow","max-snippet":"max-snippet:-1","max-image-preview":"max-image-preview:large","max-video-preview":"max-video-preview:-1"},"canonical":"https:\/\/agencedcm.com\/nos-fromages\/tete-a-papineau\/","og_locale":"en_US","og_type":"article","og_title":"T\u00eate \u00e0 Papineau | Agence de ventes DCM","og_description":"An artisanal cheese of medium intensity, La T\u00eate \u00e0 Papineau has an orangey rind and a cream-coloured, smooth, unctuous paste. Its aromas are fruity and lactic, with an animal note. It boasts vegetal and fruity flavours with a hint of hazelnut. The name of this cheese, introduced in 2011, makes reference to a common French expression \u201c\u00e7a ne prend pas la t\u00eate \u00e0 Papineau,\u201d meaning that you don\u2019t need to be as smart as Louis-Joseph Papineau to understand a situation. The Papineau manor, erected at Montebello in 1850, is pictured on the package.    Cheesemaker Fromagerie Montebello   Type of milk Cow milk   Type of paste Semi-firm   Type of rind Washed   Formats \u2022 Wheel 1 x 1,9 kg (#12190)   Moisture 47 %   M.F. 28 %","og_url":"https:\/\/agencedcm.com\/nos-fromages\/tete-a-papineau\/","og_site_name":"Agence de ventes DCM","article_modified_time":"2019-04-02T20:25:41+00:00","og_image":[{"width":750,"height":750,"url":"https:\/\/agencedcm.com\/wp-content\/uploads\/2019\/03\/tete-papineau-rev-tiny.png","type":"image\/png"}],"twitter_card":"summary_large_image","twitter_misc":{"Est. reading time":"3 minutes"},"schema":{"@context":"https:\/\/schema.org","@graph":[{"@type":"WebPage","@id":"https:\/\/agencedcm.com\/nos-fromages\/tete-a-papineau\/","url":"https:\/\/agencedcm.com\/nos-fromages\/tete-a-papineau\/","name":"T\u00eate \u00e0 Papineau | Agence de ventes DCM","isPartOf":{"@id":"https:\/\/agencedcm.com\/#website"},"primaryImageOfPage":{"@id":"https:\/\/agencedcm.com\/nos-fromages\/tete-a-papineau\/#primaryimage"},"image":{"@id":"https:\/\/agencedcm.com\/nos-fromages\/tete-a-papineau\/#primaryimage"},"thumbnailUrl":"https:\/\/agencedcm.com\/wp-content\/uploads\/2019\/03\/tete-papineau-rev-tiny.png","datePublished":"2019-03-15T14:22:45+00:00","dateModified":"2019-04-02T20:25:41+00:00","breadcrumb":{"@id":"https:\/\/agencedcm.com\/nos-fromages\/tete-a-papineau\/#breadcrumb"},"inLanguage":"en-US","potentialAction":[{"@type":"ReadAction","target":["https:\/\/agencedcm.com\/nos-fromages\/tete-a-papineau\/"]}]},{"@type":"ImageObject","inLanguage":"en-US","@id":"https:\/\/agencedcm.com\/nos-fromages\/tete-a-papineau\/#primaryimage","url":"https:\/\/agencedcm.com\/wp-content\/uploads\/2019\/03\/tete-papineau-rev-tiny.png","contentUrl":"https:\/\/agencedcm.com\/wp-content\/uploads\/2019\/03\/tete-papineau-rev-tiny.png","width":750,"height":750},{"@type":"BreadcrumbList","@id":"https:\/\/agencedcm.com\/nos-fromages\/tete-a-papineau\/#breadcrumb","itemListElement":[{"@type":"ListItem","position":1,"name":"Home","item":"https:\/\/agencedcm.com\/en\/"},{"@type":"ListItem","position":2,"name":"Our Cheeses","item":"https:\/\/agencedcm.com\/en\/our-cheeses\/"},{"@type":"ListItem","position":3,"name":"T\u00eate \u00e0 Papineau"}]},{"@type":"WebSite","@id":"https:\/\/agencedcm.com\/#website","url":"https:\/\/agencedcm.com\/","name":"Agence de ventes DCM","description":"Commercialisation de produits fins au Canada","publisher":{"@id":"https:\/\/agencedcm.com\/#organization"},"potentialAction":[{"@type":"SearchAction","target":{"@type":"EntryPoint","urlTemplate":"https:\/\/agencedcm.com\/?s={search_term_string}"},"query-input":{"@type":"PropertyValueSpecification","valueRequired":true,"valueName":"search_term_string"}}],"inLanguage":"en-US"},{"@type":"Organization","@id":"https:\/\/agencedcm.com\/#organization","name":"Agence de ventes DCM |\u00a0Authentique Fromage - Cheese","url":"https:\/\/agencedcm.com\/","logo":{"@type":"ImageObject","inLanguage":"en-US","@id":"https:\/\/agencedcm.com\/#\/schema\/logo\/image\/","url":"https:\/\/agencedcm.com\/wp-content\/uploads\/2019\/03\/logo-authentique-@2x.jpg","contentUrl":"https:\/\/agencedcm.com\/wp-content\/uploads\/2019\/03\/logo-authentique-@2x.jpg","width":410,"height":180,"caption":"Agence de ventes DCM |\u00a0Authentique Fromage - Cheese"},"image":{"@id":"https:\/\/agencedcm.com\/#\/schema\/logo\/image\/"}}]}},"_links":{"self":[{"href":"https:\/\/agencedcm.com\/en\/wp-json\/wp\/v2\/product\/1241"}],"collection":[{"href":"https:\/\/agencedcm.com\/en\/wp-json\/wp\/v2\/product"}],"about":[{"href":"https:\/\/agencedcm.com\/en\/wp-json\/wp\/v2\/types\/product"}],"replies":[{"embeddable":true,"href":"https:\/\/agencedcm.com\/en\/wp-json\/wp\/v2\/comments?post=1241"}],"wp:featuredmedia":[{"embeddable":true,"href":"https:\/\/agencedcm.com\/en\/wp-json\/wp\/v2\/media\/1393"}],"wp:attachment":[{"href":"https:\/\/agencedcm.com\/en\/wp-json\/wp\/v2\/media?parent=1241"}],"wp:term":[{"taxonomy":"product_cat","embeddable":true,"href":"https:\/\/agencedcm.com\/en\/wp-json\/wp\/v2\/product_cat?post=1241"},{"taxonomy":"product_tag","embeddable":true,"href":"https:\/\/agencedcm.com\/en\/wp-json\/wp\/v2\/product_tag?post=1241"}],"curies":[{"name":"wp","href":"https:\/\/api.w.org\/{rel}","templated":true}]}}