{"id":1225,"date":"2019-03-15T11:33:48","date_gmt":"2019-03-15T15:33:48","guid":{"rendered":"https:\/\/agencedcm.com\/our-cheeses\/le-migneron-de-charlevoix\/"},"modified":"2019-03-28T16:41:13","modified_gmt":"2019-03-28T20:41:13","slug":"le-migneron-de-charlevoix","status":"publish","type":"product","link":"https:\/\/agencedcm.com\/en\/our-cheeses\/le-migneron-de-charlevoix\/","title":{"rendered":"Le Migneron de Charlevoix"},"content":{"rendered":"<p>[et_pb_section fb_built=&#8221;1&#8243; _builder_version=&#8221;3.19.18&#8243; custom_padding=&#8221;0|0px|50px|0px|false|false&#8221;][et_pb_row custom_padding=&#8221;0|0px|27px|0px|false|false&#8221; _builder_version=&#8221;3.19.18&#8243;][et_pb_column type=&#8221;4_4&#8243; _builder_version=&#8221;3.19.18&#8243;][et_pb_image src=&#8221;https:\/\/agencedcm.com\/wp-content\/uploads\/2019\/03\/img-vache.jpg&#8221; _builder_version=&#8221;3.20.2&#8243; animation_style=&#8221;fade&#8221; animation_delay=&#8221;1000ms&#8221;][\/et_pb_image][et_pb_text _builder_version=&#8221;3.20.2&#8243; animation_style=&#8221;fade&#8221; animation_delay=&#8221;500ms&#8221;]<\/p>\n<div class=\"g\">\n<div data-hveid=\"CAkQAA\" data-ved=\"2ahUKEwjrg5Tl6vDgAhVq3IMKHQqiDjcQFSgAMAB6BAgJEAA\">\n<div class=\"rc\">\n<div class=\"s\">\n<h3>Distinctions<\/h3>\n<div><\/div>\n<\/div>\n<\/div>\n<\/div>\n<\/div>\n<p>[\/et_pb_text][\/et_pb_column][\/et_pb_row][et_pb_row _builder_version=&#8221;3.20.2&#8243; animation_style=&#8221;fade&#8221; animation_delay=&#8221;500ms&#8221;][et_pb_column type=&#8221;1_4&#8243; _builder_version=&#8221;3.19.18&#8243;][et_pb_image src=&#8221;https:\/\/agencedcm.com\/wp-content\/uploads\/2019\/03\/logo_laureat-caseus.png&#8221; align=&#8221;center&#8221; _builder_version=&#8221;3.20.2&#8243;][\/et_pb_image][\/et_pb_column][et_pb_column type=&#8221;3_4&#8243; _builder_version=&#8221;3.19.18&#8243;][et_pb_text _builder_version=&#8221;3.20.2&#8243; text_font=&#8221;||on||||||&#8221; text_font_size=&#8221;14px&#8221; custom_margin=&#8221;||&#8221;]2018, Caseus &#8211; Finaliste Fromages \u00e0 croute lav\u00e9e, mixte ou naturelle \u2013 P\u00e2te demi-ferme<br \/>\n2002, Grand Prix des Fromages Canadiens &#8211; Fromages \u00e0 cro\u00fbte Lav\u00e9e<br \/>\n2002, Grand Prix des Fromages Canadiens &#8211; Grand Champion<br \/>\n2000, Caseus &#8211; Prix de l&#8217;industrie<br \/>\n2000, Caseus &#8211; Fromage Artisanal<br \/>\n1999, Caseus &#8211; Prix du Salon des Fromages Fins[\/et_pb_text][\/et_pb_column][\/et_pb_row][et_pb_row use_custom_gutter=&#8221;on&#8221; _builder_version=&#8221;3.20.2&#8243; animation_style=&#8221;fade&#8221; animation_delay=&#8221;500ms&#8221;][et_pb_column type=&#8221;1_3&#8243; _builder_version=&#8221;3.19.18&#8243;][et_pb_text _builder_version=&#8221;3.20.2&#8243; text_font=&#8221;||||||||&#8221; custom_margin=&#8221;10px|20px||&#8221;]<\/p>\n<h3 class=\"title\">Food and wine pairing<\/h3>\n<p>&nbsp;<\/p>\n<p><strong>Wine<br \/>\n<\/strong>Food and wine pairing<br \/>\nOn a picnic, in the fresh air, with a small glass of white Charlevoyou, it&#8217;s a true country delight.[\/et_pb_text][\/et_pb_column][et_pb_column type=&#8221;1_3&#8243; _builder_version=&#8221;3.19.18&#8243;][et_pb_text _builder_version=&#8221;3.20.2&#8243; header_font=&#8221;||||||||&#8221; custom_margin=&#8221;10px|20px||&#8221;]<\/p>\n<h3>Technical informations<\/h3>\n<p><strong>Origin of milk \/ Treatment:<\/strong>\u00a0Whole cow milk<\/p>\n<p><strong>Ripening: <\/strong>Minimum 50 days<\/p>\n<p><strong>Shelf life: <\/strong>60 to 75 days (wheel only)<\/p>\n<p><strong>Ingredients:<\/strong> Made of whole milk, salt, rennet, bacterial culture, calcium chloride, lysosyme (egg).<\/p>\n<p><strong>Manufacturing:<\/strong> Artisan<\/p>\n<p><strong>Allergen:<\/strong> Milk[\/et_pb_text][\/et_pb_column][et_pb_column type=&#8221;1_3&#8243; _builder_version=&#8221;3.19.18&#8243;][et_pb_image src=&#8221;https:\/\/agencedcm.com\/wp-content\/uploads\/2019\/03\/migneron.png&#8221; _builder_version=&#8221;3.20.2&#8243; max_width=&#8221;81%&#8221; module_alignment=&#8221;center&#8221;][\/et_pb_image][\/et_pb_column][\/et_pb_row][et_pb_row disabled_on=&#8221;off|off|off&#8221; _builder_version=&#8221;3.20.2&#8243;][et_pb_column type=&#8221;4_4&#8243; _builder_version=&#8221;3.20.2&#8243;][et_pb_button button_url=&#8221;https:\/\/agencedcm.com\/wp-content\/uploads\/2019\/03\/fiche_migneron_eng.pdf&#8221; url_new_window=&#8221;on&#8221; button_text=&#8221;Technical sheet (PDF)&#8221; button_alignment=&#8221;center&#8221; _builder_version=&#8221;3.20.2&#8243;][\/et_pb_button][\/et_pb_column][\/et_pb_row][\/et_pb_section][et_pb_section fb_built=&#8221;1&#8243; fullwidth=&#8221;on&#8221; disabled_on=&#8221;off|off|off&#8221; _builder_version=&#8221;3.20.2&#8243; background_image=&#8221;https:\/\/agencedcm.com\/wp-content\/uploads\/2019\/03\/migneron-meules_famille.jpg&#8221; parallax=&#8221;on&#8221; parallax_method=&#8221;off&#8221; custom_padding=&#8221;500px|0px|0|0px|false|false&#8221; top_divider_color=&#8221;#ffffff&#8221; top_divider_height=&#8221;160px&#8221; top_divider_flip=&#8221;vertical&#8221; bottom_divider_color=&#8221;#ffffff&#8221; bottom_divider_height=&#8221;160px&#8221;][\/et_pb_section][et_pb_section fb_built=&#8221;1&#8243; _builder_version=&#8221;3.19.18&#8243; custom_padding=&#8221;54px|0px|0|0px|false|false&#8221;][et_pb_row use_custom_gutter=&#8221;on&#8221; _builder_version=&#8221;3.20.2&#8243; animation_style=&#8221;fade&#8221; animation_delay=&#8221;500ms&#8221;][et_pb_column type=&#8221;2_5&#8243; _builder_version=&#8221;3.19.18&#8243;][et_pb_image src=&#8221;https:\/\/agencedcm.com\/wp-content\/uploads\/2019\/03\/logo-fromageries-migneron.jpg&#8221; align=&#8221;center&#8221; _builder_version=&#8221;3.20.2&#8243;][\/et_pb_image][\/et_pb_column][et_pb_column type=&#8221;3_5&#8243; _builder_version=&#8221;3.19.18&#8243;][et_pb_text _builder_version=&#8221;3.20.2&#8243; header_font=&#8221;||||||||&#8221; custom_margin=&#8221;10px|20px||&#8221;]<\/p>\n<h3>Maison d&#8217;Affinage Maurice Dufour<\/h3>\n<p>An amateur agronomist, visionary and nature lover, Maurice Dufour patiently and authentically produces his fine cheeses. Being one of the pioneers in the micro-cheese dairy field in Quebec, Maurice creates quality artisanal cheeses that have earned him the reputation he has today. Using mountain-sourced spring water and sheep milk from their flock, the Maurice Dufour Cheese Refinery makes no compromises when it comes to sourcing its raw materials.[\/et_pb_text][\/et_pb_column][\/et_pb_row][et_pb_row custom_padding=&#8221;27px|0px|0|0px|false|false&#8221; _builder_version=&#8221;3.19.18&#8243;][et_pb_column type=&#8221;4_4&#8243; _builder_version=&#8221;3.19.18&#8243;][et_pb_text _builder_version=&#8221;3.19.18&#8243; custom_margin=&#8221;||20px&#8221;]<\/p>\n<h2>Other cheeses<\/h2>\n<p>[\/et_pb_text][et_pb_shop type=&#8221;product_category&#8221; include_categories=&#8221;82&#8243; _builder_version=&#8221;3.20.2&#8243; title_font=&#8221;||||||||&#8221; title_text_align=&#8221;center&#8221;][\/et_pb_shop][\/et_pb_column][\/et_pb_row][\/et_pb_section]<\/p>\n","protected":false},"excerpt":{"rendered":"<p>Le Migneron is a medium intensity cheese with a pinkish beige rind and a supple, smooth and unctuous paste. It features a mild fruity and buttery aroma and a nutty, creamy flavour with a long fruity finish. Le Migneron is named in honour of Anne Migneron, the first wife of the Dufour ancestor in New France. It was introduced in 1995.<\/p>\n<table class=\"shop_attributes\" style=\"margin-top: 20px;\">\n<tbody>\n<tr>\n<th>Cheesemaker<\/th>\n<td>Maison Maurice Dufour<\/td>\n<\/tr>\n<tr>\n<th>Type of milk<\/th>\n<td>Cow milk<\/td>\n<\/tr>\n<tr>\n<th>Type of paste<\/th>\n<td>Semi-firm<\/td>\n<\/tr>\n<tr>\n<th>Type of rind<\/th>\n<td>Lav\u00e9e<\/td>\n<\/tr>\n<tr>\n<th>Formats<\/th>\n<td style=\"padding-top: 10px; padding-bottom: 10px;\">\u2022 Fixed weight 6 x 140 g (#10140)<br \/>\n\u2022 Wheel 1 x 2,3 kg (#10230)<\/td>\n<\/tr>\n<tr>\n<th>Moisture<\/th>\n<td>47 %<\/td>\n<\/tr>\n<tr>\n<th>M.F.<\/th>\n<td>29 %<\/td>\n<\/tr>\n<\/tbody>\n<\/table>\n","protected":false},"featured_media":570,"comment_status":"closed","ping_status":"closed","template":"","meta":{"_et_pb_use_builder":"on","_et_pb_old_content":"","_et_gb_content_width":""},"product_cat":[20,48,21,73],"product_tag":[117],"yoast_head":"<!-- This site is optimized with the Yoast SEO plugin v23.5 - https:\/\/yoast.com\/wordpress\/plugins\/seo\/ -->\n<title>Le Migneron de Charlevoix | Agence de ventes DCM<\/title>\n<meta name=\"robots\" content=\"index, follow, max-snippet:-1, max-image-preview:large, max-video-preview:-1\" \/>\n<link rel=\"canonical\" href=\"https:\/\/agencedcm.com\/en\/our-cheeses\/le-migneron-de-charlevoix\/\" \/>\n<meta property=\"og:locale\" content=\"en_US\" \/>\n<meta property=\"og:type\" content=\"article\" \/>\n<meta property=\"og:title\" content=\"Le Migneron de Charlevoix | Agence de ventes DCM\" \/>\n<meta property=\"og:description\" content=\"Le Migneron is a medium intensity cheese with a pinkish beige rind and a supple, smooth and unctuous paste. It features a mild fruity and buttery aroma and a nutty, creamy flavour with a long fruity finish. Le Migneron is named in honour of Anne Migneron, the first wife of the Dufour ancestor in New France. It was introduced in 1995.    Cheesemaker Maison Maurice Dufour   Type of milk Cow milk   Type of paste Semi-firm   Type of rind Lav\u00e9e   Formats \u2022 Fixed weight 6 x 140 g (#10140) \u2022 Wheel 1 x 2,3 kg (#10230)   Moisture 47 %   M.F. 29 %\" \/>\n<meta property=\"og:url\" content=\"https:\/\/agencedcm.com\/en\/our-cheeses\/le-migneron-de-charlevoix\/\" \/>\n<meta property=\"og:site_name\" content=\"Agence de ventes DCM\" \/>\n<meta property=\"article:modified_time\" content=\"2019-03-28T20:41:13+00:00\" \/>\n<meta property=\"og:image\" content=\"https:\/\/agencedcm.com\/wp-content\/uploads\/2019\/03\/migneron-tiny.png\" \/>\n\t<meta property=\"og:image:width\" content=\"750\" \/>\n\t<meta property=\"og:image:height\" content=\"750\" \/>\n\t<meta property=\"og:image:type\" content=\"image\/png\" \/>\n<meta name=\"twitter:card\" content=\"summary_large_image\" \/>\n<meta name=\"twitter:label1\" content=\"Est. reading time\" \/>\n\t<meta name=\"twitter:data1\" content=\"3 minutes\" \/>\n<script type=\"application\/ld+json\" class=\"yoast-schema-graph\">{\"@context\":\"https:\/\/schema.org\",\"@graph\":[{\"@type\":\"WebPage\",\"@id\":\"https:\/\/agencedcm.com\/en\/our-cheeses\/le-migneron-de-charlevoix\/\",\"url\":\"https:\/\/agencedcm.com\/en\/our-cheeses\/le-migneron-de-charlevoix\/\",\"name\":\"Le Migneron de Charlevoix | Agence de ventes DCM\",\"isPartOf\":{\"@id\":\"https:\/\/agencedcm.com\/#website\"},\"primaryImageOfPage\":{\"@id\":\"https:\/\/agencedcm.com\/en\/our-cheeses\/le-migneron-de-charlevoix\/#primaryimage\"},\"image\":{\"@id\":\"https:\/\/agencedcm.com\/en\/our-cheeses\/le-migneron-de-charlevoix\/#primaryimage\"},\"thumbnailUrl\":\"https:\/\/agencedcm.com\/wp-content\/uploads\/2019\/03\/migneron-tiny.png\",\"datePublished\":\"2019-03-15T15:33:48+00:00\",\"dateModified\":\"2019-03-28T20:41:13+00:00\",\"breadcrumb\":{\"@id\":\"https:\/\/agencedcm.com\/en\/our-cheeses\/le-migneron-de-charlevoix\/#breadcrumb\"},\"inLanguage\":\"en-US\",\"potentialAction\":[{\"@type\":\"ReadAction\",\"target\":[\"https:\/\/agencedcm.com\/en\/our-cheeses\/le-migneron-de-charlevoix\/\"]}]},{\"@type\":\"ImageObject\",\"inLanguage\":\"en-US\",\"@id\":\"https:\/\/agencedcm.com\/en\/our-cheeses\/le-migneron-de-charlevoix\/#primaryimage\",\"url\":\"https:\/\/agencedcm.com\/wp-content\/uploads\/2019\/03\/migneron-tiny.png\",\"contentUrl\":\"https:\/\/agencedcm.com\/wp-content\/uploads\/2019\/03\/migneron-tiny.png\",\"width\":750,\"height\":750},{\"@type\":\"BreadcrumbList\",\"@id\":\"https:\/\/agencedcm.com\/en\/our-cheeses\/le-migneron-de-charlevoix\/#breadcrumb\",\"itemListElement\":[{\"@type\":\"ListItem\",\"position\":1,\"name\":\"Home\",\"item\":\"https:\/\/agencedcm.com\/en\/\"},{\"@type\":\"ListItem\",\"position\":2,\"name\":\"Our Cheeses\",\"item\":\"https:\/\/agencedcm.com\/en\/our-cheeses\/\"},{\"@type\":\"ListItem\",\"position\":3,\"name\":\"Le Migneron de Charlevoix\"}]},{\"@type\":\"WebSite\",\"@id\":\"https:\/\/agencedcm.com\/#website\",\"url\":\"https:\/\/agencedcm.com\/\",\"name\":\"Agence de ventes DCM\",\"description\":\"Commercialisation de produits fins au Canada\",\"publisher\":{\"@id\":\"https:\/\/agencedcm.com\/#organization\"},\"potentialAction\":[{\"@type\":\"SearchAction\",\"target\":{\"@type\":\"EntryPoint\",\"urlTemplate\":\"https:\/\/agencedcm.com\/?s={search_term_string}\"},\"query-input\":{\"@type\":\"PropertyValueSpecification\",\"valueRequired\":true,\"valueName\":\"search_term_string\"}}],\"inLanguage\":\"en-US\"},{\"@type\":\"Organization\",\"@id\":\"https:\/\/agencedcm.com\/#organization\",\"name\":\"Agence de ventes DCM |\u00a0Authentique Fromage - Cheese\",\"url\":\"https:\/\/agencedcm.com\/\",\"logo\":{\"@type\":\"ImageObject\",\"inLanguage\":\"en-US\",\"@id\":\"https:\/\/agencedcm.com\/#\/schema\/logo\/image\/\",\"url\":\"https:\/\/agencedcm.com\/wp-content\/uploads\/2019\/03\/logo-authentique-@2x.jpg\",\"contentUrl\":\"https:\/\/agencedcm.com\/wp-content\/uploads\/2019\/03\/logo-authentique-@2x.jpg\",\"width\":410,\"height\":180,\"caption\":\"Agence de ventes DCM |\u00a0Authentique Fromage - Cheese\"},\"image\":{\"@id\":\"https:\/\/agencedcm.com\/#\/schema\/logo\/image\/\"}}]}<\/script>\n<!-- \/ Yoast SEO plugin. -->","yoast_head_json":{"title":"Le Migneron de Charlevoix | Agence de ventes DCM","robots":{"index":"index","follow":"follow","max-snippet":"max-snippet:-1","max-image-preview":"max-image-preview:large","max-video-preview":"max-video-preview:-1"},"canonical":"https:\/\/agencedcm.com\/en\/our-cheeses\/le-migneron-de-charlevoix\/","og_locale":"en_US","og_type":"article","og_title":"Le Migneron de Charlevoix | Agence de ventes DCM","og_description":"Le Migneron is a medium intensity cheese with a pinkish beige rind and a supple, smooth and unctuous paste. It features a mild fruity and buttery aroma and a nutty, creamy flavour with a long fruity finish. Le Migneron is named in honour of Anne Migneron, the first wife of the Dufour ancestor in New France. It was introduced in 1995.    Cheesemaker Maison Maurice Dufour   Type of milk Cow milk   Type of paste Semi-firm   Type of rind Lav\u00e9e   Formats \u2022 Fixed weight 6 x 140 g (#10140) \u2022 Wheel 1 x 2,3 kg (#10230)   Moisture 47 %   M.F. 29 %","og_url":"https:\/\/agencedcm.com\/en\/our-cheeses\/le-migneron-de-charlevoix\/","og_site_name":"Agence de ventes DCM","article_modified_time":"2019-03-28T20:41:13+00:00","og_image":[{"width":750,"height":750,"url":"https:\/\/agencedcm.com\/wp-content\/uploads\/2019\/03\/migneron-tiny.png","type":"image\/png"}],"twitter_card":"summary_large_image","twitter_misc":{"Est. reading time":"3 minutes"},"schema":{"@context":"https:\/\/schema.org","@graph":[{"@type":"WebPage","@id":"https:\/\/agencedcm.com\/en\/our-cheeses\/le-migneron-de-charlevoix\/","url":"https:\/\/agencedcm.com\/en\/our-cheeses\/le-migneron-de-charlevoix\/","name":"Le Migneron de Charlevoix | Agence de ventes DCM","isPartOf":{"@id":"https:\/\/agencedcm.com\/#website"},"primaryImageOfPage":{"@id":"https:\/\/agencedcm.com\/en\/our-cheeses\/le-migneron-de-charlevoix\/#primaryimage"},"image":{"@id":"https:\/\/agencedcm.com\/en\/our-cheeses\/le-migneron-de-charlevoix\/#primaryimage"},"thumbnailUrl":"https:\/\/agencedcm.com\/wp-content\/uploads\/2019\/03\/migneron-tiny.png","datePublished":"2019-03-15T15:33:48+00:00","dateModified":"2019-03-28T20:41:13+00:00","breadcrumb":{"@id":"https:\/\/agencedcm.com\/en\/our-cheeses\/le-migneron-de-charlevoix\/#breadcrumb"},"inLanguage":"en-US","potentialAction":[{"@type":"ReadAction","target":["https:\/\/agencedcm.com\/en\/our-cheeses\/le-migneron-de-charlevoix\/"]}]},{"@type":"ImageObject","inLanguage":"en-US","@id":"https:\/\/agencedcm.com\/en\/our-cheeses\/le-migneron-de-charlevoix\/#primaryimage","url":"https:\/\/agencedcm.com\/wp-content\/uploads\/2019\/03\/migneron-tiny.png","contentUrl":"https:\/\/agencedcm.com\/wp-content\/uploads\/2019\/03\/migneron-tiny.png","width":750,"height":750},{"@type":"BreadcrumbList","@id":"https:\/\/agencedcm.com\/en\/our-cheeses\/le-migneron-de-charlevoix\/#breadcrumb","itemListElement":[{"@type":"ListItem","position":1,"name":"Home","item":"https:\/\/agencedcm.com\/en\/"},{"@type":"ListItem","position":2,"name":"Our Cheeses","item":"https:\/\/agencedcm.com\/en\/our-cheeses\/"},{"@type":"ListItem","position":3,"name":"Le Migneron de Charlevoix"}]},{"@type":"WebSite","@id":"https:\/\/agencedcm.com\/#website","url":"https:\/\/agencedcm.com\/","name":"Agence de ventes DCM","description":"Commercialisation de produits fins au Canada","publisher":{"@id":"https:\/\/agencedcm.com\/#organization"},"potentialAction":[{"@type":"SearchAction","target":{"@type":"EntryPoint","urlTemplate":"https:\/\/agencedcm.com\/?s={search_term_string}"},"query-input":{"@type":"PropertyValueSpecification","valueRequired":true,"valueName":"search_term_string"}}],"inLanguage":"en-US"},{"@type":"Organization","@id":"https:\/\/agencedcm.com\/#organization","name":"Agence de ventes DCM |\u00a0Authentique Fromage - Cheese","url":"https:\/\/agencedcm.com\/","logo":{"@type":"ImageObject","inLanguage":"en-US","@id":"https:\/\/agencedcm.com\/#\/schema\/logo\/image\/","url":"https:\/\/agencedcm.com\/wp-content\/uploads\/2019\/03\/logo-authentique-@2x.jpg","contentUrl":"https:\/\/agencedcm.com\/wp-content\/uploads\/2019\/03\/logo-authentique-@2x.jpg","width":410,"height":180,"caption":"Agence de ventes DCM |\u00a0Authentique Fromage - Cheese"},"image":{"@id":"https:\/\/agencedcm.com\/#\/schema\/logo\/image\/"}}]}},"_links":{"self":[{"href":"https:\/\/agencedcm.com\/en\/wp-json\/wp\/v2\/product\/1225"}],"collection":[{"href":"https:\/\/agencedcm.com\/en\/wp-json\/wp\/v2\/product"}],"about":[{"href":"https:\/\/agencedcm.com\/en\/wp-json\/wp\/v2\/types\/product"}],"replies":[{"embeddable":true,"href":"https:\/\/agencedcm.com\/en\/wp-json\/wp\/v2\/comments?post=1225"}],"wp:featuredmedia":[{"embeddable":true,"href":"https:\/\/agencedcm.com\/en\/wp-json\/wp\/v2\/media\/570"}],"wp:attachment":[{"href":"https:\/\/agencedcm.com\/en\/wp-json\/wp\/v2\/media?parent=1225"}],"wp:term":[{"taxonomy":"product_cat","embeddable":true,"href":"https:\/\/agencedcm.com\/en\/wp-json\/wp\/v2\/product_cat?post=1225"},{"taxonomy":"product_tag","embeddable":true,"href":"https:\/\/agencedcm.com\/en\/wp-json\/wp\/v2\/product_tag?post=1225"}],"curies":[{"name":"wp","href":"https:\/\/api.w.org\/{rel}","templated":true}]}}