{"id":1211,"date":"2019-03-15T10:00:02","date_gmt":"2019-03-15T14:00:02","guid":{"rendered":"https:\/\/agencedcm.com\/our-cheeses\/le-mont-jacob\/"},"modified":"2019-03-28T16:34:45","modified_gmt":"2019-03-28T20:34:45","slug":"le-mont-jacob","status":"publish","type":"product","link":"https:\/\/agencedcm.com\/en\/our-cheeses\/le-mont-jacob\/","title":{"rendered":"Le Mont-Jacob"},"content":{"rendered":"<p>[et_pb_section fb_built=&#8221;1&#8243; _builder_version=&#8221;3.19.18&#8243; custom_padding=&#8221;0|0px|50px|0px|false|false&#8221;][et_pb_row custom_padding=&#8221;0|0px|0|0px|false|false&#8221; _builder_version=&#8221;3.19.18&#8243;][et_pb_column type=&#8221;4_4&#8243; _builder_version=&#8221;3.19.18&#8243;][et_pb_image src=&#8221;https:\/\/agencedcm.com\/wp-content\/uploads\/2019\/03\/img-vache.jpg&#8221; _builder_version=&#8221;3.20.2&#8243; animation_style=&#8221;fade&#8221; animation_delay=&#8221;1000ms&#8221;][\/et_pb_image][\/et_pb_column][\/et_pb_row][et_pb_row _builder_version=&#8221;3.20.2&#8243; animation_style=&#8221;fade&#8221; animation_delay=&#8221;500ms&#8221;][et_pb_column type=&#8221;4_4&#8243; _builder_version=&#8221;3.19.18&#8243;][et_pb_text _builder_version=&#8221;3.20.2&#8243; animation_style=&#8221;fade&#8221; animation_delay=&#8221;500ms&#8221;]<\/p>\n<div class=\"g\">\n<div data-hveid=\"CAkQAA\" data-ved=\"2ahUKEwjrg5Tl6vDgAhVq3IMKHQqiDjcQFSgAMAB6BAgJEAA\">\n<div class=\"rc\">\n<div class=\"s\">\n<h3>Distinctions<\/h3>\n<div><\/div>\n<\/div>\n<\/div>\n<\/div>\n<\/div>\n<p>[\/et_pb_text][et_pb_image src=&#8221;https:\/\/agencedcm.com\/wp-content\/uploads\/2019\/03\/montjacob-logo-prix.jpg&#8221; _builder_version=&#8221;3.20.2&#8243; module_alignment=&#8221;center&#8221;][\/et_pb_image][\/et_pb_column][\/et_pb_row][et_pb_row use_custom_gutter=&#8221;on&#8221; _builder_version=&#8221;3.20.2&#8243; animation_style=&#8221;fade&#8221; animation_delay=&#8221;500ms&#8221;][et_pb_column type=&#8221;1_3&#8243; _builder_version=&#8221;3.19.18&#8243;][et_pb_text _builder_version=&#8221;3.19.18&#8243; text_font=&#8221;||||||||&#8221; custom_margin=&#8221;10px|20px||&#8221;]<\/p>\n<h3>Food and wine pairing<\/h3>\n<p>Confit of onions, port jelly.<\/p>\n<p><strong>Semi-full-bodied or full-bodied red:<\/strong><\/p>\n<p>Region: Sub-regional Burgundy, M\u00e9doc, C\u00f4tes-du-Rh\u00f4ne-village, Chianti and port.<\/p>\n<p>Grapes: Cabernet Franc, Cabernet Sauvignon. Syrah, Zinfandel.<\/p>\n<p><strong>Sweet white wines:<\/strong><\/p>\n<p>R\u00e9gion\/appellation: Region: Ice wine, cider wine, Sauterne, late harvest.[\/et_pb_text][\/et_pb_column][et_pb_column type=&#8221;1_3&#8243; _builder_version=&#8221;3.19.18&#8243;][et_pb_text _builder_version=&#8221;3.20.2&#8243; header_font=&#8221;||||||||&#8221; custom_margin=&#8221;10px|20px||&#8221;]<\/p>\n<h3>Technical informations<\/h3>\n<p><strong>Origin of milk \/ Treatment:<\/strong> Whole cow milk \/ Pasteurization<\/p>\n<p><strong>Ripening:<\/strong> 1 month<\/p>\n<p><strong>Shelf life:<\/strong> 60 to 75 days (whole wheel)<\/p>\n<p><strong>Ingredients:<\/strong> Pasteurized whole milk, salt, calcium chloride, rennet, bacterial cultures.<\/p>\n<p><strong>Manufacturing:<\/strong> Farm-made and artisan<\/p>\n<p><strong>Allergen:<\/strong> Milk[\/et_pb_text][\/et_pb_column][et_pb_column type=&#8221;1_3&#8243; _builder_version=&#8221;3.19.18&#8243;][et_pb_image src=&#8221;https:\/\/agencedcm.com\/wp-content\/uploads\/2019\/03\/tvn_mont-jacob1.jpg&#8221; align=&#8221;center&#8221; _builder_version=&#8221;3.20.2&#8243; max_width=&#8221;75%&#8221;][\/et_pb_image][\/et_pb_column][\/et_pb_row][et_pb_row disabled_on=&#8221;off|off|off&#8221; _builder_version=&#8221;3.20.2&#8243; locked=&#8221;off&#8221;][et_pb_column type=&#8221;4_4&#8243; _builder_version=&#8221;3.20.2&#8243;][et_pb_button url_new_window=&#8221;on&#8221; button_text=&#8221;Technical sheet (PDF)&#8221; button_alignment=&#8221;center&#8221; _builder_version=&#8221;3.20.2&#8243; button_url=&#8221;https:\/\/agencedcm.com\/wp-content\/uploads\/2019\/03\/mont-jacob-fiche-technique.pdf&#8221;][\/et_pb_button][\/et_pb_column][\/et_pb_row][\/et_pb_section][et_pb_section fb_built=&#8221;1&#8243; fullwidth=&#8221;on&#8221; _builder_version=&#8221;3.20.2&#8243; background_image=&#8221;https:\/\/agencedcm.com\/wp-content\/uploads\/2019\/03\/fromagerie-blackburn-montjacob-meule.jpg&#8221; parallax=&#8221;on&#8221; parallax_method=&#8221;off&#8221; custom_padding=&#8221;500px|0px|0|0px|false|false&#8221; top_divider_color=&#8221;#ffffff&#8221; top_divider_height=&#8221;160px&#8221; top_divider_flip=&#8221;vertical&#8221; bottom_divider_color=&#8221;#ffffff&#8221; bottom_divider_height=&#8221;160px&#8221;][\/et_pb_section][et_pb_section fb_built=&#8221;1&#8243; _builder_version=&#8221;3.19.18&#8243; custom_padding=&#8221;54px|0px|0|0px|false|false&#8221;][et_pb_row use_custom_gutter=&#8221;on&#8221; _builder_version=&#8221;3.20.2&#8243; animation_style=&#8221;fade&#8221; animation_delay=&#8221;500ms&#8221;][et_pb_column type=&#8221;2_5&#8243; _builder_version=&#8221;3.19.18&#8243;][et_pb_image src=&#8221;https:\/\/agencedcm.com\/wp-content\/uploads\/2019\/03\/logo-blackburn.png&#8221; align=&#8221;center&#8221; _builder_version=&#8221;3.19.18&#8243;][\/et_pb_image][\/et_pb_column][et_pb_column type=&#8221;3_5&#8243; _builder_version=&#8221;3.19.18&#8243;][et_pb_text _builder_version=&#8221;3.19.18&#8243; header_font=&#8221;||||||||&#8221; custom_margin=&#8221;10px|20px||&#8221;]<\/p>\n<h3>La Fromagerie Blackburn<\/h3>\n<p>Four generations of the Blackburn family have lived on the fertile lands where the cheese dairy is located. Its 90 years of history began with Napol\u00e9on Blackburn, who embarked upon the big farming venture in 1926. With its herd of Holsteins numbering more than 250, the dairy farm boasts excellent milk, whose quality can be traced back to the rich boreal soil, which also gives its cheese dairy products a remarkably distinctive taste.[\/et_pb_text][\/et_pb_column][\/et_pb_row][et_pb_row custom_padding=&#8221;27px|0px|30px|0px|false|false&#8221; _builder_version=&#8221;3.20.2&#8243;][et_pb_column type=&#8221;4_4&#8243; _builder_version=&#8221;3.19.18&#8243;][et_pb_text _builder_version=&#8221;3.19.18&#8243; custom_margin=&#8221;||20px&#8221;]<\/p>\n<h2>Other cheeses<\/h2>\n<p>[\/et_pb_text][et_pb_shop type=&#8221;product_category&#8221; include_categories=&#8221;59&#8243; _builder_version=&#8221;3.20.2&#8243; title_font=&#8221;||||||||&#8221; title_text_align=&#8221;center&#8221;][\/et_pb_shop][\/et_pb_column][\/et_pb_row][\/et_pb_section]<\/p>\n","protected":false},"excerpt":{"rendered":"<p>Le Mont-Jacob is a cheese of medium to marked intensity. Its pinkish rind is smooth and slightly moist, and its butter-coloured paste is supple and elastic. It has a slightly spicy, buttery aroma and a lactic taste, fruity and well-balanced in salt, with a vegetal end note. The name of this cheese refers to a hill near downtown Jonqui\u00e8re. Mont-Jacob, which faces the Blackburn cheese dairy, abounds with hiking trails and houses a cultural centre. According to cheesemaker Marie-Jos\u00e9e Blackburn, it\u2019s Jonqui\u00e8re\u2019s Mount Royal.<\/p>\n<table class=\"shop_attributes\" style=\"margin-top: 20px;\">\n<tbody>\n<tr>\n<th>Cheesemaker<\/th>\n<td>Fromagerie Blackburn<\/td>\n<\/tr>\n<tr>\n<th>Type of milk<\/th>\n<td>Cow milk<\/td>\n<\/tr>\n<tr>\n<th>Type of paste<\/th>\n<td>Semi-firm<\/td>\n<\/tr>\n<tr>\n<th>Type of rind<\/th>\n<td>Washed<\/td>\n<\/tr>\n<tr>\n<th>Formats<\/th>\n<td style=\"padding-top: 10px; padding-bottom: 10px;\">\u2022 Wheel 1 x 2,8 kg (#14162)<\/td>\n<\/tr>\n<tr>\n<th>Moisture<\/th>\n<td>46 %<\/td>\n<\/tr>\n<tr>\n<th>M.F.<\/th>\n<td>28 %<\/td>\n<\/tr>\n<\/tbody>\n<\/table>\n","protected":false},"featured_media":1581,"comment_status":"closed","ping_status":"closed","template":"","meta":{"_et_pb_use_builder":"on","_et_pb_old_content":"","_et_gb_content_width":""},"product_cat":[20,48,21,49],"product_tag":[47],"yoast_head":"<!-- This site is optimized with the Yoast SEO plugin v23.5 - https:\/\/yoast.com\/wordpress\/plugins\/seo\/ -->\n<title>Le Mont-Jacob | Agence de ventes DCM<\/title>\n<meta name=\"robots\" content=\"index, follow, max-snippet:-1, max-image-preview:large, max-video-preview:-1\" \/>\n<link rel=\"canonical\" href=\"https:\/\/agencedcm.com\/nos-fromages\/le-mont-jacob\/\" \/>\n<meta property=\"og:locale\" content=\"en_US\" \/>\n<meta property=\"og:type\" content=\"article\" \/>\n<meta property=\"og:title\" content=\"Le Mont-Jacob | Agence de ventes DCM\" \/>\n<meta property=\"og:description\" content=\"Le Mont-Jacob is a cheese of medium to marked intensity. Its pinkish rind is smooth and slightly moist, and its butter-coloured paste is supple and elastic. It has a slightly spicy, buttery aroma and a lactic taste, fruity and well-balanced in salt, with a vegetal end note. The name of this cheese refers to a hill near downtown Jonqui\u00e8re. Mont-Jacob, which faces the Blackburn cheese dairy, abounds with hiking trails and houses a cultural centre. According to cheesemaker Marie-Jos\u00e9e Blackburn, it\u2019s Jonqui\u00e8re\u2019s Mount Royal.    Cheesemaker Fromagerie Blackburn   Type of milk Cow milk   Type of paste Semi-firm   Type of rind Washed   Formats \u2022 Wheel 1 x 2,8 kg (#14162)   Moisture 46 %   M.F. 28 %\" \/>\n<meta property=\"og:url\" content=\"https:\/\/agencedcm.com\/nos-fromages\/le-mont-jacob\/\" \/>\n<meta property=\"og:site_name\" content=\"Agence de ventes DCM\" \/>\n<meta property=\"article:modified_time\" content=\"2019-03-28T20:34:45+00:00\" \/>\n<meta property=\"og:image\" content=\"https:\/\/agencedcm.com\/wp-content\/uploads\/2019\/03\/montjacob-image-produit.png\" \/>\n\t<meta property=\"og:image:width\" content=\"750\" \/>\n\t<meta property=\"og:image:height\" content=\"750\" \/>\n\t<meta property=\"og:image:type\" content=\"image\/png\" \/>\n<meta name=\"twitter:card\" content=\"summary_large_image\" \/>\n<meta name=\"twitter:label1\" content=\"Est. reading time\" \/>\n\t<meta name=\"twitter:data1\" content=\"3 minutes\" \/>\n<script type=\"application\/ld+json\" class=\"yoast-schema-graph\">{\"@context\":\"https:\/\/schema.org\",\"@graph\":[{\"@type\":\"WebPage\",\"@id\":\"https:\/\/agencedcm.com\/nos-fromages\/le-mont-jacob\/\",\"url\":\"https:\/\/agencedcm.com\/nos-fromages\/le-mont-jacob\/\",\"name\":\"Le Mont-Jacob | Agence de ventes DCM\",\"isPartOf\":{\"@id\":\"https:\/\/agencedcm.com\/#website\"},\"primaryImageOfPage\":{\"@id\":\"https:\/\/agencedcm.com\/nos-fromages\/le-mont-jacob\/#primaryimage\"},\"image\":{\"@id\":\"https:\/\/agencedcm.com\/nos-fromages\/le-mont-jacob\/#primaryimage\"},\"thumbnailUrl\":\"https:\/\/agencedcm.com\/wp-content\/uploads\/2019\/03\/montjacob-image-produit.png\",\"datePublished\":\"2019-03-15T14:00:02+00:00\",\"dateModified\":\"2019-03-28T20:34:45+00:00\",\"breadcrumb\":{\"@id\":\"https:\/\/agencedcm.com\/nos-fromages\/le-mont-jacob\/#breadcrumb\"},\"inLanguage\":\"en-US\",\"potentialAction\":[{\"@type\":\"ReadAction\",\"target\":[\"https:\/\/agencedcm.com\/nos-fromages\/le-mont-jacob\/\"]}]},{\"@type\":\"ImageObject\",\"inLanguage\":\"en-US\",\"@id\":\"https:\/\/agencedcm.com\/nos-fromages\/le-mont-jacob\/#primaryimage\",\"url\":\"https:\/\/agencedcm.com\/wp-content\/uploads\/2019\/03\/montjacob-image-produit.png\",\"contentUrl\":\"https:\/\/agencedcm.com\/wp-content\/uploads\/2019\/03\/montjacob-image-produit.png\",\"width\":750,\"height\":750},{\"@type\":\"BreadcrumbList\",\"@id\":\"https:\/\/agencedcm.com\/nos-fromages\/le-mont-jacob\/#breadcrumb\",\"itemListElement\":[{\"@type\":\"ListItem\",\"position\":1,\"name\":\"Home\",\"item\":\"https:\/\/agencedcm.com\/en\/\"},{\"@type\":\"ListItem\",\"position\":2,\"name\":\"Our Cheeses\",\"item\":\"https:\/\/agencedcm.com\/en\/our-cheeses\/\"},{\"@type\":\"ListItem\",\"position\":3,\"name\":\"Le Mont-Jacob\"}]},{\"@type\":\"WebSite\",\"@id\":\"https:\/\/agencedcm.com\/#website\",\"url\":\"https:\/\/agencedcm.com\/\",\"name\":\"Agence de ventes DCM\",\"description\":\"Commercialisation de produits fins au Canada\",\"publisher\":{\"@id\":\"https:\/\/agencedcm.com\/#organization\"},\"potentialAction\":[{\"@type\":\"SearchAction\",\"target\":{\"@type\":\"EntryPoint\",\"urlTemplate\":\"https:\/\/agencedcm.com\/?s={search_term_string}\"},\"query-input\":{\"@type\":\"PropertyValueSpecification\",\"valueRequired\":true,\"valueName\":\"search_term_string\"}}],\"inLanguage\":\"en-US\"},{\"@type\":\"Organization\",\"@id\":\"https:\/\/agencedcm.com\/#organization\",\"name\":\"Agence de ventes DCM |\u00a0Authentique Fromage - Cheese\",\"url\":\"https:\/\/agencedcm.com\/\",\"logo\":{\"@type\":\"ImageObject\",\"inLanguage\":\"en-US\",\"@id\":\"https:\/\/agencedcm.com\/#\/schema\/logo\/image\/\",\"url\":\"https:\/\/agencedcm.com\/wp-content\/uploads\/2019\/03\/logo-authentique-@2x.jpg\",\"contentUrl\":\"https:\/\/agencedcm.com\/wp-content\/uploads\/2019\/03\/logo-authentique-@2x.jpg\",\"width\":410,\"height\":180,\"caption\":\"Agence de ventes DCM |\u00a0Authentique Fromage - Cheese\"},\"image\":{\"@id\":\"https:\/\/agencedcm.com\/#\/schema\/logo\/image\/\"}}]}<\/script>\n<!-- \/ Yoast SEO plugin. -->","yoast_head_json":{"title":"Le Mont-Jacob | Agence de ventes DCM","robots":{"index":"index","follow":"follow","max-snippet":"max-snippet:-1","max-image-preview":"max-image-preview:large","max-video-preview":"max-video-preview:-1"},"canonical":"https:\/\/agencedcm.com\/nos-fromages\/le-mont-jacob\/","og_locale":"en_US","og_type":"article","og_title":"Le Mont-Jacob | Agence de ventes DCM","og_description":"Le Mont-Jacob is a cheese of medium to marked intensity. Its pinkish rind is smooth and slightly moist, and its butter-coloured paste is supple and elastic. It has a slightly spicy, buttery aroma and a lactic taste, fruity and well-balanced in salt, with a vegetal end note. The name of this cheese refers to a hill near downtown Jonqui\u00e8re. Mont-Jacob, which faces the Blackburn cheese dairy, abounds with hiking trails and houses a cultural centre. According to cheesemaker Marie-Jos\u00e9e Blackburn, it\u2019s Jonqui\u00e8re\u2019s Mount Royal.    Cheesemaker Fromagerie Blackburn   Type of milk Cow milk   Type of paste Semi-firm   Type of rind Washed   Formats \u2022 Wheel 1 x 2,8 kg (#14162)   Moisture 46 %   M.F. 28 %","og_url":"https:\/\/agencedcm.com\/nos-fromages\/le-mont-jacob\/","og_site_name":"Agence de ventes DCM","article_modified_time":"2019-03-28T20:34:45+00:00","og_image":[{"width":750,"height":750,"url":"https:\/\/agencedcm.com\/wp-content\/uploads\/2019\/03\/montjacob-image-produit.png","type":"image\/png"}],"twitter_card":"summary_large_image","twitter_misc":{"Est. reading time":"3 minutes"},"schema":{"@context":"https:\/\/schema.org","@graph":[{"@type":"WebPage","@id":"https:\/\/agencedcm.com\/nos-fromages\/le-mont-jacob\/","url":"https:\/\/agencedcm.com\/nos-fromages\/le-mont-jacob\/","name":"Le Mont-Jacob | Agence de ventes DCM","isPartOf":{"@id":"https:\/\/agencedcm.com\/#website"},"primaryImageOfPage":{"@id":"https:\/\/agencedcm.com\/nos-fromages\/le-mont-jacob\/#primaryimage"},"image":{"@id":"https:\/\/agencedcm.com\/nos-fromages\/le-mont-jacob\/#primaryimage"},"thumbnailUrl":"https:\/\/agencedcm.com\/wp-content\/uploads\/2019\/03\/montjacob-image-produit.png","datePublished":"2019-03-15T14:00:02+00:00","dateModified":"2019-03-28T20:34:45+00:00","breadcrumb":{"@id":"https:\/\/agencedcm.com\/nos-fromages\/le-mont-jacob\/#breadcrumb"},"inLanguage":"en-US","potentialAction":[{"@type":"ReadAction","target":["https:\/\/agencedcm.com\/nos-fromages\/le-mont-jacob\/"]}]},{"@type":"ImageObject","inLanguage":"en-US","@id":"https:\/\/agencedcm.com\/nos-fromages\/le-mont-jacob\/#primaryimage","url":"https:\/\/agencedcm.com\/wp-content\/uploads\/2019\/03\/montjacob-image-produit.png","contentUrl":"https:\/\/agencedcm.com\/wp-content\/uploads\/2019\/03\/montjacob-image-produit.png","width":750,"height":750},{"@type":"BreadcrumbList","@id":"https:\/\/agencedcm.com\/nos-fromages\/le-mont-jacob\/#breadcrumb","itemListElement":[{"@type":"ListItem","position":1,"name":"Home","item":"https:\/\/agencedcm.com\/en\/"},{"@type":"ListItem","position":2,"name":"Our Cheeses","item":"https:\/\/agencedcm.com\/en\/our-cheeses\/"},{"@type":"ListItem","position":3,"name":"Le Mont-Jacob"}]},{"@type":"WebSite","@id":"https:\/\/agencedcm.com\/#website","url":"https:\/\/agencedcm.com\/","name":"Agence de ventes DCM","description":"Commercialisation de produits fins au Canada","publisher":{"@id":"https:\/\/agencedcm.com\/#organization"},"potentialAction":[{"@type":"SearchAction","target":{"@type":"EntryPoint","urlTemplate":"https:\/\/agencedcm.com\/?s={search_term_string}"},"query-input":{"@type":"PropertyValueSpecification","valueRequired":true,"valueName":"search_term_string"}}],"inLanguage":"en-US"},{"@type":"Organization","@id":"https:\/\/agencedcm.com\/#organization","name":"Agence de ventes DCM |\u00a0Authentique Fromage - Cheese","url":"https:\/\/agencedcm.com\/","logo":{"@type":"ImageObject","inLanguage":"en-US","@id":"https:\/\/agencedcm.com\/#\/schema\/logo\/image\/","url":"https:\/\/agencedcm.com\/wp-content\/uploads\/2019\/03\/logo-authentique-@2x.jpg","contentUrl":"https:\/\/agencedcm.com\/wp-content\/uploads\/2019\/03\/logo-authentique-@2x.jpg","width":410,"height":180,"caption":"Agence de ventes DCM |\u00a0Authentique Fromage - Cheese"},"image":{"@id":"https:\/\/agencedcm.com\/#\/schema\/logo\/image\/"}}]}},"_links":{"self":[{"href":"https:\/\/agencedcm.com\/en\/wp-json\/wp\/v2\/product\/1211"}],"collection":[{"href":"https:\/\/agencedcm.com\/en\/wp-json\/wp\/v2\/product"}],"about":[{"href":"https:\/\/agencedcm.com\/en\/wp-json\/wp\/v2\/types\/product"}],"replies":[{"embeddable":true,"href":"https:\/\/agencedcm.com\/en\/wp-json\/wp\/v2\/comments?post=1211"}],"wp:featuredmedia":[{"embeddable":true,"href":"https:\/\/agencedcm.com\/en\/wp-json\/wp\/v2\/media\/1581"}],"wp:attachment":[{"href":"https:\/\/agencedcm.com\/en\/wp-json\/wp\/v2\/media?parent=1211"}],"wp:term":[{"taxonomy":"product_cat","embeddable":true,"href":"https:\/\/agencedcm.com\/en\/wp-json\/wp\/v2\/product_cat?post=1211"},{"taxonomy":"product_tag","embeddable":true,"href":"https:\/\/agencedcm.com\/en\/wp-json\/wp\/v2\/product_tag?post=1211"}],"curies":[{"name":"wp","href":"https:\/\/api.w.org\/{rel}","templated":true}]}}