{"id":1150,"date":"2019-03-26T12:08:25","date_gmt":"2019-03-26T16:08:25","guid":{"rendered":"https:\/\/agencedcm.com\/about-us\/"},"modified":"2019-04-02T09:47:54","modified_gmt":"2019-04-02T13:47:54","slug":"about-us","status":"publish","type":"page","link":"https:\/\/agencedcm.com\/en\/about-us\/","title":{"rendered":"About us"},"content":{"rendered":"<p>[et_pb_section fb_built=&#8221;1&#8243; admin_label=&#8221;Hero Section&#8221; _builder_version=&#8221;3.20.2&#8243; background_image=&#8221;https:\/\/agencedcm.com\/wp-content\/uploads\/2019\/03\/bg-header-produits-crop.jpg&#8221; parallax=&#8221;on&#8221; custom_margin=&#8221;|||&#8221; custom_padding=&#8221;3%||8%||false|false&#8221;][et_pb_row _builder_version=&#8221;3.0.47&#8243; background_size=&#8221;initial&#8221; background_position=&#8221;top_left&#8221; background_repeat=&#8221;repeat&#8221;][et_pb_column type=&#8221;4_4&#8243; _builder_version=&#8221;3.0.47&#8243;][et_pb_text _builder_version=&#8221;3.20.2&#8243; header_font=&#8221;||||||||&#8221; header_text_align=&#8221;center&#8221; header_text_color=&#8221;#ffffff&#8221; header_font_size=&#8221;60px&#8221; header_text_shadow_style=&#8221;preset3&#8243; header_text_shadow_color=&#8221;rgba(30,5,0,0.7)&#8221; locked=&#8221;off&#8221;]<\/p>\n<h1>About us<\/h1>\n<p>[\/et_pb_text][\/et_pb_column][\/et_pb_row][\/et_pb_section][et_pb_section fb_built=&#8221;1&#8243; admin_label=&#8221;Featured Collections Section&#8221; _builder_version=&#8221;3.20.2&#8243; background_color=&#8221;#f1efe9&#8243; background_position=&#8221;center_right&#8221; border_width_all=&#8221;4px&#8221; border_color_all=&#8221;#ac9d86&#8243; border_style_all=&#8221;double&#8221; max_width=&#8221;80%&#8221; module_alignment=&#8221;center&#8221; custom_margin=&#8221;-6%||80px|&#8221; custom_padding=&#8221;40px||40px|0|false|false&#8221; animation_direction=&#8221;left&#8221; locked=&#8221;off&#8221;][et_pb_row make_fullwidth=&#8221;on&#8221; custom_padding=&#8221;27px|0px|0|0px|false|false&#8221; custom_margin=&#8221;20px|||&#8221; _builder_version=&#8221;3.20.2&#8243;][et_pb_column type=&#8221;1_2&#8243; _builder_version=&#8221;3.0.105&#8243;][et_pb_image src=&#8221;https:\/\/agencedcm.com\/wp-content\/uploads\/2019\/03\/Logo-DCM-600px.png&#8221; align=&#8221;center&#8221; _builder_version=&#8221;3.20.2&#8243; max_width=&#8221;46%&#8221;][\/et_pb_image][\/et_pb_column][et_pb_column type=&#8221;1_2&#8243; _builder_version=&#8221;3.0.105&#8243;][et_pb_text _builder_version=&#8221;3.20.2&#8243; text_font=&#8221;||||||||&#8221; text_font_size=&#8221;22px&#8221; text_line_height=&#8221;1.5em&#8221; header_font=&#8221;||||||||&#8221; header_text_color=&#8221;#1e0500&#8243; header_font_size=&#8221;34px&#8221; header_2_font=&#8221;||||||||&#8221; header_2_font_size=&#8221;36px&#8221; header_2_line_height=&#8221;1.5em&#8221;]<\/p>\n<h2>DCM Agency<\/h2>\n<p>DCM is the result of more than 30 years of experience in the commercialization of fine food products in Canada. We provide a full range of services to help with the successful marketing of your products. We take your success personally, paying particular attention to the services we provide and leaving nothing to chance.[\/et_pb_text][\/et_pb_column][\/et_pb_row][et_pb_row use_custom_width=&#8221;on&#8221; width_unit=&#8221;off&#8221; custom_width_percent=&#8221;70%&#8221; custom_padding=&#8221;27px|0px|0|0px|false|false&#8221; custom_margin=&#8221;20px|||&#8221; _builder_version=&#8221;3.20.2&#8243;][et_pb_column type=&#8221;1_4&#8243; _builder_version=&#8221;3.20.2&#8243;][et_pb_text _builder_version=&#8221;3.20.2&#8243; text_font=&#8221;||||||||&#8221; text_font_size=&#8221;18px&#8221; header_font=&#8221;||||||||&#8221; header_3_font=&#8221;||||||||&#8221; header_3_font_size_last_edited=&#8221;on|phone&#8221;]<\/p>\n<h3>Our passion<\/h3>\n<p>\u2022 Quebec products<br \/>\n\u2022 Farm cheese<br \/>\n\u2022 Artisan cheese[\/et_pb_text][\/et_pb_column][et_pb_column type=&#8221;1_4&#8243; _builder_version=&#8221;3.20.2&#8243;][et_pb_text _builder_version=&#8221;3.20.2&#8243; text_font=&#8221;||||||||&#8221; text_font_size=&#8221;18px&#8221; header_font=&#8221;||||||||&#8221; header_3_font=&#8221;||||||||&#8221; header_3_font_size_last_edited=&#8221;on|phone&#8221;]<\/p>\n<h3>Our actions<\/h3>\n<p>\u2022 Market research<br \/>\n\u2022 Buying and selling<br \/>\n\u2022 Distribution<br \/>\n\u2022 Representation<br \/>\n\u2022 Marketing<br \/>\n\u2022 After sale service<br \/>\n\u2022 Branding[\/et_pb_text][\/et_pb_column][et_pb_column type=&#8221;1_4&#8243; _builder_version=&#8221;3.20.2&#8243;][et_pb_text _builder_version=&#8221;3.20.2&#8243; text_font=&#8221;||||||||&#8221; text_font_size=&#8221;18px&#8221; header_font=&#8221;||||||||&#8221; header_3_font=&#8221;||||||||&#8221; header_3_font_size_last_edited=&#8221;on|phone&#8221;]<\/p>\n<h3>Our determination<\/h3>\n<p>\u2022 Quebec and Canadian market[\/et_pb_text][\/et_pb_column][et_pb_column type=&#8221;1_4&#8243; _builder_version=&#8221;3.20.2&#8243;][et_pb_text _builder_version=&#8221;3.20.2&#8243; text_font=&#8221;||||||||&#8221; text_font_size=&#8221;18px&#8221; header_font=&#8221;||||||||&#8221; header_3_font=&#8221;||||||||&#8221; header_3_font_size_last_edited=&#8221;on|phone&#8221;]<\/p>\n<h3>Our customers<\/h3>\n<p>\u2022 Retail market (Costco, M\u00e9tro, Provigo, Sobeys et Super C, multi-banners in addition to independent boutiques)<br \/>\n\u2022 Hotels, restaurants and institutions<br \/>\n\u2022 Shops[\/et_pb_text][\/et_pb_column][\/et_pb_row][\/et_pb_section][et_pb_section fb_built=&#8221;1&#8243; admin_label=&#8221;Split Section&#8221; module_id=&#8221;authentique&#8221; _builder_version=&#8221;3.20.2&#8243; custom_padding=&#8221;0px||0px|&#8221; animation_style=&#8221;fade&#8221; animation_direction=&#8221;bottom&#8221; custom_css_main_element=&#8221;align-items: center;||&#8221; locked=&#8221;off&#8221;][et_pb_row make_fullwidth=&#8221;on&#8221; use_custom_gutter=&#8221;on&#8221; gutter_width=&#8221;1&#8243; custom_padding=&#8221;0px||0px|&#8221; custom_margin=&#8221;0px||0px|&#8221; make_equal=&#8221;on&#8221; background_color_2=&#8221;#d3ccb2&#8243; bg_img_1=&#8221;https:\/\/agencedcm.com\/wp-content\/uploads\/2019\/03\/artisans-cropped-5.jpg&#8221; parallax_1=&#8221;on&#8221; background_position_1=&#8221;center&#8221; background_position_2=&#8221;top_left&#8221; background_repeat_1=&#8221;no-repeat&#8221; background_repeat_2=&#8221;no-repeat&#8221; use_background_color_gradient_1=&#8221;off&#8221; background_color_gradient_start_1=&#8221;#2b87da&#8221; background_color_gradient_end_1=&#8221;#29c4a9&#8243; padding_top_1=&#8221;5%&#8221; padding_top_2=&#8221;5%&#8221; padding_right_1=&#8221;6%&#8221; padding_right_2=&#8221;6%&#8221; padding_bottom_1=&#8221;5%&#8221; padding_bottom_2=&#8221;5%&#8221; padding_left_1=&#8221;6%&#8221; padding_left_2=&#8221;6%&#8221; custom_css_main_1=&#8221;align-items: center;||&#8221; custom_css_main_2=&#8221;align-items: center;||&#8221; _builder_version=&#8221;3.20.2&#8243; background_size=&#8221;initial&#8221; background_position=&#8221;top_left&#8221; background_repeat=&#8221;repeat&#8221;][et_pb_column type=&#8221;1_2&#8243; _builder_version=&#8221;3.0.47&#8243;][et_pb_image src=&#8221;https:\/\/agencedcm.com\/wp-content\/uploads\/2019\/03\/logo-authentique-@2x.jpg&#8221; align=&#8221;center&#8221; _builder_version=&#8221;3.20.2&#8243; max_width=&#8221;56%&#8221; custom_margin=&#8221;12%||&#8221; custom_margin_tablet=&#8221;||12%|&#8221; custom_margin_phone=&#8221;5%||5%&#8221; custom_margin_last_edited=&#8221;on|tablet&#8221; animation_style=&#8221;slide&#8221; animation_delay=&#8221;1500ms&#8221; animation_intensity_slide=&#8221;10%&#8221; custom_css_main_element=&#8221;align-items: center;&#8221;][\/et_pb_image][\/et_pb_column][et_pb_column type=&#8221;1_2&#8243; _builder_version=&#8221;3.0.47&#8243;][et_pb_image src=&#8221;https:\/\/agencedcm.com\/wp-content\/uploads\/2019\/03\/cheese.png&#8221; align=&#8221;center&#8221; _builder_version=&#8221;3.20.2&#8243;][\/et_pb_image][et_pb_text _builder_version=&#8221;3.20.2&#8243; text_font=&#8221;||||||||&#8221; text_text_color=&#8221;#1e0500&#8243; text_font_size=&#8221;18px&#8221; ul_font=&#8221;||||||||&#8221; header_font=&#8221;||||||||&#8221; header_2_font=&#8221;||||||||&#8221; header_2_text_align=&#8221;center&#8221; header_2_text_color=&#8221;#1e0500&#8243; header_2_font_size=&#8221;46px&#8221; text_orientation=&#8221;center&#8221; custom_margin=&#8221;40px||40px&#8221; custom_padding=&#8221;||&#8221;]<\/p>\n<h2>Regional values<\/h2>\n<p>DCM launched the <strong>Authentique<\/strong>\u00ae brand to help convey information about its business activities. <\/p>\n<p>Something authentic is, by definition, natural, pure, genuine and true. This word accurately describes the <strong>artisanal cheeses<\/strong> and the <strong>people<\/strong> that we represent with passion. <\/p>\n<p>These artisans offer handmade cheeses that start with milk from their farm or farms nearby. These products are authentic: they are made with whole milk and contain no modified milk ingredients. Moreover, these cheeses contain no additives or artificial colourants.<\/p>\n<p>Discover these authentic, passionate artisans who are committed to offering unique products reflecting the values of their region.[\/et_pb_text][et_pb_button button_url=&#8221;https:\/\/agencedcm.com\/en\/our-cheesemakers\/&#8221; button_text=&#8221;Discover our cheesemakers&#8221; button_alignment=&#8221;center&#8221; _builder_version=&#8221;3.20.2&#8243; custom_button=&#8221;on&#8221; button_text_color=&#8221;#ffffff&#8221; button_bg_color=&#8221;#a51e22&#8243; button_border_color=&#8221;#a51e22&#8243; button_font=&#8221;||||||||&#8221;][\/et_pb_button][\/et_pb_column][\/et_pb_row][\/et_pb_section][et_pb_section fb_built=&#8221;1&#8243; _builder_version=&#8221;3.20.2&#8243; locked=&#8221;off&#8221;][et_pb_row custom_padding=&#8221;0|0px|41px|0px|false|false&#8221; _builder_version=&#8221;3.20.2&#8243;][et_pb_column type=&#8221;4_4&#8243; _builder_version=&#8221;3.20.2&#8243;][et_pb_text _builder_version=&#8221;3.20.2&#8243; text_font=&#8221;||||||||&#8221; text_text_color=&#8221;#ac9d86&#8243; text_font_size=&#8221;18px&#8221; ul_font=&#8221;||||||||&#8221; header_font=&#8221;||||||||&#8221; header_2_font=&#8221;||||||||&#8221; header_2_text_align=&#8221;center&#8221; header_2_text_color=&#8221;#ac9d86&#8243; header_2_font_size=&#8221;46px&#8221; text_orientation=&#8221;center&#8221; custom_margin=&#8221;40px||&#8221; custom_padding=&#8221;||&#8221;]<\/p>\n<h2>What can we do for you?<\/h2>\n<p>DCM is the result of more than 30 years of experience in the commercialization of fine food products in Canada. We offer a full range of services to different client bases.[\/et_pb_text][\/et_pb_column][\/et_pb_row][et_pb_row use_custom_width=&#8221;on&#8221; width_unit=&#8221;off&#8221; _builder_version=&#8221;3.20.2&#8243;][et_pb_column type=&#8221;1_4&#8243; _builder_version=&#8221;3.20.2&#8243;][et_pb_text _builder_version=&#8221;3.20.2&#8243; text_font=&#8221;||||||||&#8221; header_font=&#8221;||||||||&#8221; header_2_font=&#8221;||||||||&#8221; header_2_text_align=&#8221;center&#8221; header_2_text_color=&#8221;#d3ccb2&#8243; header_2_font_size=&#8221;22px&#8221; background_color=&#8221;#1e0500&#8243; border_width_all=&#8221;3px&#8221; border_color_all=&#8221;#d3ccb2&#8243; border_style_all=&#8221;double&#8221; custom_margin=&#8221;||0px&#8221; custom_padding=&#8221;20px||13px&#8221;]<\/p>\n<h2>Boutiques and retailers<\/h2>\n<p>[\/et_pb_text][et_pb_text _builder_version=&#8221;3.20.2&#8243; text_font=&#8221;||||||||&#8221; text_text_color=&#8221;#ac9d86&#8243; text_orientation=&#8221;center&#8221; custom_margin=&#8221;30px||30px&#8221;]Are you a buyer for a chain store or boutique? Don\u2019t hesitate to contact us. We\u2019ll be happy to show you our extensive product catalogue and our promotions.[\/et_pb_text][et_pb_button button_url=&#8221;mailto:dmurphy.dcm@gmail.com&#8221; button_text=&#8221;Contact us&#8221; button_alignment=&#8221;center&#8221; _builder_version=&#8221;3.20.2&#8243; custom_button=&#8221;on&#8221; button_text_color=&#8221;#ffffff&#8221; button_bg_color=&#8221;#a51e22&#8243; button_border_color=&#8221;#a51e22&#8243; button_font=&#8221;||||||||&#8221;][\/et_pb_button][\/et_pb_column][et_pb_column type=&#8221;1_4&#8243; _builder_version=&#8221;3.20.2&#8243;][et_pb_text _builder_version=&#8221;3.20.2&#8243; text_font=&#8221;||||||||&#8221; header_font=&#8221;||||||||&#8221; header_2_font=&#8221;||||||||&#8221; header_2_text_align=&#8221;center&#8221; header_2_text_color=&#8221;#d3ccb2&#8243; header_2_font_size=&#8221;22px&#8221; background_color=&#8221;#1e0500&#8243; border_width_all=&#8221;3px&#8221; border_color_all=&#8221;#d3ccb2&#8243; border_style_all=&#8221;double&#8221; custom_margin=&#8221;||0px&#8221; custom_padding=&#8221;20px||13px&#8221;]<\/p>\n<h2>Restaurant owners<\/h2>\n<p>[\/et_pb_text][et_pb_text _builder_version=&#8221;3.20.2&#8243; text_font=&#8221;||||||||&#8221; text_text_color=&#8221;#ac9d86&#8243; text_orientation=&#8221;center&#8221; custom_margin=&#8221;30px||30px&#8221;]Are you a chef or a restaurant owner who\u2019s committed to using quality products in the outstanding dishes that you develop? You can count on our products![\/et_pb_text][et_pb_button button_url=&#8221;mailto:dmurphy.dcm@gmail.com&#8221; button_text=&#8221;Contact us&#8221; button_alignment=&#8221;center&#8221; _builder_version=&#8221;3.20.2&#8243; custom_button=&#8221;on&#8221; button_text_color=&#8221;#ffffff&#8221; button_bg_color=&#8221;#a51e22&#8243; button_border_color=&#8221;#a51e22&#8243; button_font=&#8221;||||||||&#8221;][\/et_pb_button][\/et_pb_column][et_pb_column type=&#8221;1_4&#8243; _builder_version=&#8221;3.20.2&#8243;][et_pb_text _builder_version=&#8221;3.20.2&#8243; text_font=&#8221;||||||||&#8221; header_font=&#8221;||||||||&#8221; header_2_font=&#8221;||||||||&#8221; header_2_text_align=&#8221;center&#8221; header_2_text_color=&#8221;#d3ccb2&#8243; header_2_font_size=&#8221;22px&#8221; background_color=&#8221;#1e0500&#8243; border_width_all=&#8221;3px&#8221; border_color_all=&#8221;#d3ccb2&#8243; border_style_all=&#8221;double&#8221; custom_margin=&#8221;||0px&#8221; custom_padding=&#8221;20px||13px&#8221;]<\/p>\n<h2>Distributors<\/h2>\n<p>[\/et_pb_text][et_pb_text _builder_version=&#8221;3.20.2&#8243; text_font=&#8221;||||||||&#8221; text_text_color=&#8221;#ac9d86&#8243; text_orientation=&#8221;center&#8221; custom_margin=&#8221;30px||30px&#8221;]Are you a distributor of cheeses and fine food products who\u2019s interested in expanding your product offerings? Contact us\u2014we\u2019ll be happy to discuss a successful business agreement![\/et_pb_text][et_pb_button button_url=&#8221;mailto:dmurphy.dcm@gmail.com&#8221; button_text=&#8221;Contact us&#8221; button_alignment=&#8221;center&#8221; _builder_version=&#8221;3.20.2&#8243; custom_button=&#8221;on&#8221; button_text_color=&#8221;#ffffff&#8221; button_bg_color=&#8221;#a51e22&#8243; button_border_color=&#8221;#a51e22&#8243; button_font=&#8221;||||||||&#8221;][\/et_pb_button][\/et_pb_column][et_pb_column type=&#8221;1_4&#8243; _builder_version=&#8221;3.20.2&#8243;][et_pb_text _builder_version=&#8221;3.20.2&#8243; text_font=&#8221;||||||||&#8221; header_font=&#8221;||||||||&#8221; header_2_font=&#8221;||||||||&#8221; header_2_text_align=&#8221;center&#8221; header_2_text_color=&#8221;#d3ccb2&#8243; header_2_font_size=&#8221;22px&#8221; background_color=&#8221;#1e0500&#8243; border_width_all=&#8221;3px&#8221; border_color_all=&#8221;#d3ccb2&#8243; border_style_all=&#8221;double&#8221; custom_margin=&#8221;||0px&#8221; custom_padding=&#8221;20px||13px&#8221;]<\/p>\n<h2>Cheesemakers<\/h2>\n<p>[\/et_pb_text][et_pb_text _builder_version=&#8221;3.20.2&#8243; text_font=&#8221;||||||||&#8221; text_text_color=&#8221;#ac9d86&#8243; text_orientation=&#8221;center&#8221; custom_margin=&#8221;30px||30px&#8221;]Are you an artisanal cheesemaker looking to expand your marketing and distribution channels? We can help you achieve this goal successfully![\/et_pb_text][et_pb_button button_url=&#8221;mailto:dmurphy.dcm@gmail.com&#8221; button_text=&#8221;Contact us&#8221; button_alignment=&#8221;center&#8221; _builder_version=&#8221;3.20.2&#8243; custom_button=&#8221;on&#8221; button_text_color=&#8221;#ffffff&#8221; button_bg_color=&#8221;#a51e22&#8243; button_border_color=&#8221;#a51e22&#8243; button_font=&#8221;||||||||&#8221;][\/et_pb_button][\/et_pb_column][\/et_pb_row][\/et_pb_section]<\/p>\n","protected":false},"excerpt":{"rendered":"<p>About usDCM Agency DCM is the result of more than 30 years of experience in the commercialization of fine food products in Canada. We provide a full range of services to help with the successful marketing of your products. We take your success personally, paying particular attention to the services we provide and leaving nothing [&hellip;]<\/p>\n","protected":false},"author":1,"featured_media":0,"parent":0,"menu_order":4,"comment_status":"closed","ping_status":"closed","template":"","meta":{"_et_pb_use_builder":"on","_et_pb_old_content":"","_et_gb_content_width":"","footnotes":""},"yoast_head":"<!-- This site is optimized with the Yoast SEO plugin v23.5 - https:\/\/yoast.com\/wordpress\/plugins\/seo\/ -->\n<title>About us | Agence de ventes DCM<\/title>\n<meta name=\"description\" content=\"Nous proposons une gamme compl\u00e8te de services pour contribuer au succ\u00e8s de la mise en march\u00e9 de vos fromages fins au Qu\u00e9bec et au Canada.\" \/>\n<meta name=\"robots\" content=\"index, follow, max-snippet:-1, max-image-preview:large, max-video-preview:-1\" \/>\n<link rel=\"canonical\" href=\"https:\/\/agencedcm.com\/a-propos\/\" \/>\n<meta property=\"og:locale\" content=\"en_US\" \/>\n<meta property=\"og:type\" content=\"article\" \/>\n<meta property=\"og:title\" content=\"About us | Agence de ventes DCM\" \/>\n<meta property=\"og:description\" content=\"Nous proposons une gamme compl\u00e8te de services pour contribuer au succ\u00e8s de la mise en march\u00e9 de vos fromages fins au Qu\u00e9bec et au Canada.\" \/>\n<meta property=\"og:url\" content=\"https:\/\/agencedcm.com\/a-propos\/\" \/>\n<meta property=\"og:site_name\" content=\"Agence de ventes DCM\" \/>\n<meta property=\"article:modified_time\" content=\"2019-04-02T13:47:54+00:00\" \/>\n<meta property=\"og:image\" content=\"https:\/\/agencedcm.com\/wp-content\/uploads\/2019\/03\/dcm-site-web-poster.jpg\" \/>\n\t<meta property=\"og:image:width\" content=\"1200\" \/>\n\t<meta property=\"og:image:height\" content=\"630\" \/>\n\t<meta property=\"og:image:type\" content=\"image\/jpeg\" \/>\n<meta name=\"twitter:card\" content=\"summary_large_image\" \/>\n<meta name=\"twitter:label1\" content=\"Est. reading time\" \/>\n\t<meta name=\"twitter:data1\" content=\"8 minutes\" \/>\n<script type=\"application\/ld+json\" class=\"yoast-schema-graph\">{\"@context\":\"https:\/\/schema.org\",\"@graph\":[{\"@type\":\"WebPage\",\"@id\":\"https:\/\/agencedcm.com\/a-propos\/\",\"url\":\"https:\/\/agencedcm.com\/a-propos\/\",\"name\":\"About us | Agence de ventes DCM\",\"isPartOf\":{\"@id\":\"https:\/\/agencedcm.com\/#website\"},\"datePublished\":\"2019-03-26T16:08:25+00:00\",\"dateModified\":\"2019-04-02T13:47:54+00:00\",\"description\":\"Nous proposons une gamme compl\u00e8te de services pour contribuer au succ\u00e8s de la mise en march\u00e9 de vos fromages fins au Qu\u00e9bec et au Canada.\",\"breadcrumb\":{\"@id\":\"https:\/\/agencedcm.com\/a-propos\/#breadcrumb\"},\"inLanguage\":\"en-US\",\"potentialAction\":[{\"@type\":\"ReadAction\",\"target\":[\"https:\/\/agencedcm.com\/a-propos\/\"]}]},{\"@type\":\"BreadcrumbList\",\"@id\":\"https:\/\/agencedcm.com\/a-propos\/#breadcrumb\",\"itemListElement\":[{\"@type\":\"ListItem\",\"position\":1,\"name\":\"Home\",\"item\":\"https:\/\/agencedcm.com\/en\/\"},{\"@type\":\"ListItem\",\"position\":2,\"name\":\"About us\"}]},{\"@type\":\"WebSite\",\"@id\":\"https:\/\/agencedcm.com\/#website\",\"url\":\"https:\/\/agencedcm.com\/\",\"name\":\"Agence de ventes DCM\",\"description\":\"Commercialisation de produits fins au Canada\",\"publisher\":{\"@id\":\"https:\/\/agencedcm.com\/#organization\"},\"potentialAction\":[{\"@type\":\"SearchAction\",\"target\":{\"@type\":\"EntryPoint\",\"urlTemplate\":\"https:\/\/agencedcm.com\/?s={search_term_string}\"},\"query-input\":{\"@type\":\"PropertyValueSpecification\",\"valueRequired\":true,\"valueName\":\"search_term_string\"}}],\"inLanguage\":\"en-US\"},{\"@type\":\"Organization\",\"@id\":\"https:\/\/agencedcm.com\/#organization\",\"name\":\"Agence de ventes DCM |\u00a0Authentique Fromage - Cheese\",\"url\":\"https:\/\/agencedcm.com\/\",\"logo\":{\"@type\":\"ImageObject\",\"inLanguage\":\"en-US\",\"@id\":\"https:\/\/agencedcm.com\/#\/schema\/logo\/image\/\",\"url\":\"https:\/\/agencedcm.com\/wp-content\/uploads\/2019\/03\/logo-authentique-@2x.jpg\",\"contentUrl\":\"https:\/\/agencedcm.com\/wp-content\/uploads\/2019\/03\/logo-authentique-@2x.jpg\",\"width\":410,\"height\":180,\"caption\":\"Agence de ventes DCM |\u00a0Authentique Fromage - Cheese\"},\"image\":{\"@id\":\"https:\/\/agencedcm.com\/#\/schema\/logo\/image\/\"}}]}<\/script>\n<!-- \/ Yoast SEO plugin. -->","yoast_head_json":{"title":"About us | Agence de ventes DCM","description":"Nous proposons une gamme compl\u00e8te de services pour contribuer au succ\u00e8s de la mise en march\u00e9 de vos fromages fins au Qu\u00e9bec et au Canada.","robots":{"index":"index","follow":"follow","max-snippet":"max-snippet:-1","max-image-preview":"max-image-preview:large","max-video-preview":"max-video-preview:-1"},"canonical":"https:\/\/agencedcm.com\/a-propos\/","og_locale":"en_US","og_type":"article","og_title":"About us | Agence de ventes DCM","og_description":"Nous proposons une gamme compl\u00e8te de services pour contribuer au succ\u00e8s de la mise en march\u00e9 de vos fromages fins au Qu\u00e9bec et au Canada.","og_url":"https:\/\/agencedcm.com\/a-propos\/","og_site_name":"Agence de ventes DCM","article_modified_time":"2019-04-02T13:47:54+00:00","og_image":[{"width":1200,"height":630,"url":"https:\/\/agencedcm.com\/wp-content\/uploads\/2019\/03\/dcm-site-web-poster.jpg","type":"image\/jpeg"}],"twitter_card":"summary_large_image","twitter_misc":{"Est. reading time":"8 minutes"},"schema":{"@context":"https:\/\/schema.org","@graph":[{"@type":"WebPage","@id":"https:\/\/agencedcm.com\/a-propos\/","url":"https:\/\/agencedcm.com\/a-propos\/","name":"About us | Agence de ventes DCM","isPartOf":{"@id":"https:\/\/agencedcm.com\/#website"},"datePublished":"2019-03-26T16:08:25+00:00","dateModified":"2019-04-02T13:47:54+00:00","description":"Nous proposons une gamme compl\u00e8te de services pour contribuer au succ\u00e8s de la mise en march\u00e9 de vos fromages fins au Qu\u00e9bec et au Canada.","breadcrumb":{"@id":"https:\/\/agencedcm.com\/a-propos\/#breadcrumb"},"inLanguage":"en-US","potentialAction":[{"@type":"ReadAction","target":["https:\/\/agencedcm.com\/a-propos\/"]}]},{"@type":"BreadcrumbList","@id":"https:\/\/agencedcm.com\/a-propos\/#breadcrumb","itemListElement":[{"@type":"ListItem","position":1,"name":"Home","item":"https:\/\/agencedcm.com\/en\/"},{"@type":"ListItem","position":2,"name":"About us"}]},{"@type":"WebSite","@id":"https:\/\/agencedcm.com\/#website","url":"https:\/\/agencedcm.com\/","name":"Agence de ventes DCM","description":"Commercialisation de produits fins au Canada","publisher":{"@id":"https:\/\/agencedcm.com\/#organization"},"potentialAction":[{"@type":"SearchAction","target":{"@type":"EntryPoint","urlTemplate":"https:\/\/agencedcm.com\/?s={search_term_string}"},"query-input":{"@type":"PropertyValueSpecification","valueRequired":true,"valueName":"search_term_string"}}],"inLanguage":"en-US"},{"@type":"Organization","@id":"https:\/\/agencedcm.com\/#organization","name":"Agence de ventes DCM |\u00a0Authentique Fromage - Cheese","url":"https:\/\/agencedcm.com\/","logo":{"@type":"ImageObject","inLanguage":"en-US","@id":"https:\/\/agencedcm.com\/#\/schema\/logo\/image\/","url":"https:\/\/agencedcm.com\/wp-content\/uploads\/2019\/03\/logo-authentique-@2x.jpg","contentUrl":"https:\/\/agencedcm.com\/wp-content\/uploads\/2019\/03\/logo-authentique-@2x.jpg","width":410,"height":180,"caption":"Agence de ventes DCM |\u00a0Authentique Fromage - Cheese"},"image":{"@id":"https:\/\/agencedcm.com\/#\/schema\/logo\/image\/"}}]}},"_links":{"self":[{"href":"https:\/\/agencedcm.com\/en\/wp-json\/wp\/v2\/pages\/1150"}],"collection":[{"href":"https:\/\/agencedcm.com\/en\/wp-json\/wp\/v2\/pages"}],"about":[{"href":"https:\/\/agencedcm.com\/en\/wp-json\/wp\/v2\/types\/page"}],"author":[{"embeddable":true,"href":"https:\/\/agencedcm.com\/en\/wp-json\/wp\/v2\/users\/1"}],"replies":[{"embeddable":true,"href":"https:\/\/agencedcm.com\/en\/wp-json\/wp\/v2\/comments?post=1150"}],"version-history":[{"count":5,"href":"https:\/\/agencedcm.com\/en\/wp-json\/wp\/v2\/pages\/1150\/revisions"}],"predecessor-version":[{"id":1389,"href":"https:\/\/agencedcm.com\/en\/wp-json\/wp\/v2\/pages\/1150\/revisions\/1389"}],"wp:attachment":[{"href":"https:\/\/agencedcm.com\/en\/wp-json\/wp\/v2\/media?parent=1150"}],"curies":[{"name":"wp","href":"https:\/\/api.w.org\/{rel}","templated":true}]}}