{"id":1124,"date":"2019-03-26T09:49:16","date_gmt":"2019-03-26T13:49:16","guid":{"rendered":"https:\/\/agencedcm.com\/fromagerie-montebello\/"},"modified":"2019-04-08T09:58:02","modified_gmt":"2019-04-08T13:58:02","slug":"fromagerie-montebello","status":"publish","type":"page","link":"https:\/\/agencedcm.com\/en\/our-cheesemakers\/fromagerie-montebello\/","title":{"rendered":"Fromagerie Montebello"},"content":{"rendered":"<p>[et_pb_section fb_built=&#8221;1&#8243; admin_label=&#8221;Hero Section&#8221; _builder_version=&#8221;3.20.2&#8243; background_image=&#8221;https:\/\/agencedcm.com\/wp-content\/uploads\/2019\/03\/bg-header-produits-crop.jpg&#8221; parallax=&#8221;on&#8221; custom_margin=&#8221;|||&#8221; custom_padding=&#8221;3%||8%||false|false&#8221;][et_pb_row _builder_version=&#8221;3.0.47&#8243; background_size=&#8221;initial&#8221; background_position=&#8221;top_left&#8221; background_repeat=&#8221;repeat&#8221;][et_pb_column type=&#8221;4_4&#8243; _builder_version=&#8221;3.0.47&#8243;][et_pb_image src=&#8221;https:\/\/agencedcm.com\/wp-content\/uploads\/2019\/03\/logo-fromagerie-montebello.png&#8221; align=&#8221;center&#8221; _builder_version=&#8221;3.20.2&#8243; animation_style=&#8221;slide&#8221; animation_intensity_slide=&#8221;10%&#8221;][\/et_pb_image][\/et_pb_column][\/et_pb_row][\/et_pb_section][et_pb_section fb_built=&#8221;1&#8243; admin_label=&#8221;Featured Collections Section&#8221; _builder_version=&#8221;3.20.2&#8243; background_color=&#8221;#f1efe9&#8243; background_position=&#8221;center_right&#8221; border_width_all=&#8221;4px&#8221; border_color_all=&#8221;#ac9d86&#8243; border_style_all=&#8221;double&#8221; max_width=&#8221;80%&#8221; module_alignment=&#8221;center&#8221; custom_margin=&#8221;-6%|||&#8221; custom_padding=&#8221;40px||40px|0|false|false&#8221; animation_direction=&#8221;left&#8221; locked=&#8221;off&#8221;][et_pb_row make_fullwidth=&#8221;on&#8221; custom_padding=&#8221;|||&#8221; custom_margin=&#8221;20px|||&#8221; _builder_version=&#8221;3.20.2&#8243;][et_pb_column type=&#8221;1_2&#8243; _builder_version=&#8221;3.0.105&#8243;][et_pb_gallery gallery_ids=&#8221;1156,658,1158,1160&#8243; fullwidth=&#8221;on&#8221; hover_icon=&#8221;%%51%%&#8221; _builder_version=&#8221;3.20.2&#8243; title_font=&#8221;||||||||&#8221; title_text_color=&#8221;#ffffff&#8221; pagination_font=&#8221;||||||||&#8221; pagination_text_color=&#8221;#ffffff&#8221; border_color_all=&#8221;#d3ccb2&#8243; border_style_all=&#8221;none&#8221;][\/et_pb_gallery][et_pb_text text_font_size=&#8221;14px&#8221; _builder_version=&#8221;3.20.2&#8243; header_font=&#8221;||||||||&#8221; text_font=&#8221;||||||||&#8221; custom_margin=&#8221;0px||&#8221; custom_padding=&#8221;0px||&#8221; locked=&#8221;off&#8221;]<\/p>\n<p style=\"text-align: center;\"><em>Click on the image to enlarge and see the photo gallery<\/em><\/p>\n<p>[\/et_pb_text][\/et_pb_column][et_pb_column type=&#8221;1_2&#8243; _builder_version=&#8221;3.0.105&#8243;][et_pb_text _builder_version=&#8221;3.20.2&#8243; text_font=&#8221;||||||||&#8221; header_font=&#8221;||||||||&#8221; header_text_color=&#8221;#1e0500&#8243; header_font_size=&#8221;34px&#8221;]<\/p>\n<h1>Fromagerie Montebello<\/h1>\n<p>[\/et_pb_text][et_pb_text _builder_version=&#8221;3.20.2&#8243; text_font=&#8221;||||||||&#8221; header_font=&#8221;||||||||&#8221; header_text_color=&#8221;#1e0500&#8243; header_font_size=&#8221;34px&#8221;]<\/p>\n<h3>A Cheesemaker\u2019s Dream<\/h3>\n<p>For years, Alain Boyer made cheese at Fromagerie in Plaisance, and then went in another direction\u2026 without ever forgetting his trade. In 2011, stars realigned. Fromagerie Montebello was born in the heart of the Petite-Nation, to cheese lovers\u2019 delight who first adopted T\u00eate \u00e0 Papineau cheese enthusiastically!<br \/>\nThanks to financial help, such as from Finances Quebec, Agriculture, Fisheries and Food (Quebec), Invest Quebec, Canada Economic Development and Centre local de d\u00e9veloppement Papineau, the vacant space on the main road had thus an occupant. The artisanal production as the marketing and distribution of fine cheeses was launched.<\/p>\n<h3>When history inspires success\u2026<\/h3>\n<p>Montebello was part of the only seigneury in Petite-Nation, in Outaouais. It occupied a huge territory first bequeathed by the King of France to Monseigneur de Laval who then sold it to Joseph Papineau (Louis-Joseph\u2019s father) around 1803.<br \/>\nLouis-Joseph, was a very influential Lower Canada politician around 1800. In 1815, he began managing the seigneury, before purchasing it in 1817.<\/p>\n<p>The names of our artisanal cheeses: T\u00eate \u00e0 Papineau, R\u00e9bellion 1837, Manchebello and Adoray, acknowledge the wealth of Montebello\u2019s history.[\/et_pb_text][et_pb_button button_url=&#8221;http:\/\/fromagerie-montebello.ca\/&#8221; url_new_window=&#8221;on&#8221; button_text=&#8221;Website of this cheesemaker&#8221; _builder_version=&#8221;3.20.2&#8243; custom_button=&#8221;on&#8221; button_text_color=&#8221;#ffffff&#8221; button_bg_color=&#8221;#a51e22&#8243; button_border_color=&#8221;#a51e22&#8243; button_font=&#8221;||||||||&#8221;][\/et_pb_button][\/et_pb_column][\/et_pb_row][\/et_pb_section][et_pb_section fb_built=&#8221;1&#8243; _builder_version=&#8221;3.19.18&#8243; custom_padding=&#8221;70px|0px|0|0px|false|false&#8221;][et_pb_row _builder_version=&#8221;3.20.2&#8243;][et_pb_column type=&#8221;4_4&#8243; _builder_version=&#8221;3.20.2&#8243;][et_pb_text _builder_version=&#8221;3.20.2&#8243;]<\/p>\n<h2>Cheese<\/h2>\n<p>[\/et_pb_text][et_pb_shop type=&#8221;product_category&#8221; include_categories=&#8221;79&#8243; _builder_version=&#8221;3.20.2&#8243; text_orientation=&#8221;center&#8221;][\/et_pb_shop][\/et_pb_column][\/et_pb_row][\/et_pb_section]<\/p>\n","protected":false},"excerpt":{"rendered":"<p>Click on the image to enlarge and see the photo gallery Fromagerie MontebelloA Cheesemaker\u2019s Dream For years, Alain Boyer made cheese at Fromagerie in Plaisance, and then went in another direction\u2026 without ever forgetting his trade. In 2011, stars realigned. Fromagerie Montebello was born in the heart of the Petite-Nation, to cheese lovers\u2019 delight who [&hellip;]<\/p>\n","protected":false},"author":1,"featured_media":0,"parent":1140,"menu_order":2,"comment_status":"closed","ping_status":"closed","template":"","meta":{"_et_pb_use_builder":"on","_et_pb_old_content":"","_et_gb_content_width":"","footnotes":""},"yoast_head":"<!-- This site is optimized with the Yoast SEO plugin v23.5 - https:\/\/yoast.com\/wordpress\/plugins\/seo\/ -->\n<title>Fromagerie Montebello | Agence de ventes DCM<\/title>\n<meta name=\"robots\" content=\"index, follow, max-snippet:-1, max-image-preview:large, max-video-preview:-1\" \/>\n<link rel=\"canonical\" href=\"https:\/\/agencedcm.com\/nos-fromageries\/fromagerie-montebello\/\" \/>\n<meta property=\"og:locale\" content=\"en_US\" \/>\n<meta property=\"og:type\" content=\"article\" \/>\n<meta property=\"og:title\" content=\"Fromagerie Montebello | Agence de ventes DCM\" \/>\n<meta property=\"og:description\" content=\"Click on the image to enlarge and see the photo gallery Fromagerie MontebelloA Cheesemaker\u2019s Dream For years, Alain Boyer made cheese at Fromagerie in Plaisance, and then went in another direction\u2026 without ever forgetting his trade. In 2011, stars realigned. Fromagerie Montebello was born in the heart of the Petite-Nation, to cheese lovers\u2019 delight who [&hellip;]\" \/>\n<meta property=\"og:url\" content=\"https:\/\/agencedcm.com\/nos-fromageries\/fromagerie-montebello\/\" \/>\n<meta property=\"og:site_name\" content=\"Agence de ventes DCM\" \/>\n<meta property=\"article:modified_time\" content=\"2019-04-08T13:58:02+00:00\" \/>\n<meta property=\"og:image\" content=\"https:\/\/agencedcm.com\/wp-content\/uploads\/2019\/03\/dcm-site-web-poster.jpg\" \/>\n\t<meta property=\"og:image:width\" content=\"1200\" \/>\n\t<meta property=\"og:image:height\" content=\"630\" \/>\n\t<meta property=\"og:image:type\" content=\"image\/jpeg\" \/>\n<meta name=\"twitter:card\" content=\"summary_large_image\" \/>\n<meta name=\"twitter:label1\" content=\"Est. reading time\" \/>\n\t<meta name=\"twitter:data1\" content=\"3 minutes\" \/>\n<script type=\"application\/ld+json\" class=\"yoast-schema-graph\">{\"@context\":\"https:\/\/schema.org\",\"@graph\":[{\"@type\":\"WebPage\",\"@id\":\"https:\/\/agencedcm.com\/nos-fromageries\/fromagerie-montebello\/\",\"url\":\"https:\/\/agencedcm.com\/nos-fromageries\/fromagerie-montebello\/\",\"name\":\"Fromagerie Montebello | Agence de ventes DCM\",\"isPartOf\":{\"@id\":\"https:\/\/agencedcm.com\/#website\"},\"datePublished\":\"2019-03-26T13:49:16+00:00\",\"dateModified\":\"2019-04-08T13:58:02+00:00\",\"breadcrumb\":{\"@id\":\"https:\/\/agencedcm.com\/nos-fromageries\/fromagerie-montebello\/#breadcrumb\"},\"inLanguage\":\"en-US\",\"potentialAction\":[{\"@type\":\"ReadAction\",\"target\":[\"https:\/\/agencedcm.com\/nos-fromageries\/fromagerie-montebello\/\"]}]},{\"@type\":\"BreadcrumbList\",\"@id\":\"https:\/\/agencedcm.com\/nos-fromageries\/fromagerie-montebello\/#breadcrumb\",\"itemListElement\":[{\"@type\":\"ListItem\",\"position\":1,\"name\":\"Home\",\"item\":\"https:\/\/agencedcm.com\/en\/\"},{\"@type\":\"ListItem\",\"position\":2,\"name\":\"Our cheesemakers\",\"item\":\"https:\/\/agencedcm.com\/nos-fromageries\/\"},{\"@type\":\"ListItem\",\"position\":3,\"name\":\"Fromagerie Montebello\"}]},{\"@type\":\"WebSite\",\"@id\":\"https:\/\/agencedcm.com\/#website\",\"url\":\"https:\/\/agencedcm.com\/\",\"name\":\"Agence de ventes DCM\",\"description\":\"Commercialisation de produits fins au Canada\",\"publisher\":{\"@id\":\"https:\/\/agencedcm.com\/#organization\"},\"potentialAction\":[{\"@type\":\"SearchAction\",\"target\":{\"@type\":\"EntryPoint\",\"urlTemplate\":\"https:\/\/agencedcm.com\/?s={search_term_string}\"},\"query-input\":{\"@type\":\"PropertyValueSpecification\",\"valueRequired\":true,\"valueName\":\"search_term_string\"}}],\"inLanguage\":\"en-US\"},{\"@type\":\"Organization\",\"@id\":\"https:\/\/agencedcm.com\/#organization\",\"name\":\"Agence de ventes DCM |\u00a0Authentique Fromage - Cheese\",\"url\":\"https:\/\/agencedcm.com\/\",\"logo\":{\"@type\":\"ImageObject\",\"inLanguage\":\"en-US\",\"@id\":\"https:\/\/agencedcm.com\/#\/schema\/logo\/image\/\",\"url\":\"https:\/\/agencedcm.com\/wp-content\/uploads\/2019\/03\/logo-authentique-@2x.jpg\",\"contentUrl\":\"https:\/\/agencedcm.com\/wp-content\/uploads\/2019\/03\/logo-authentique-@2x.jpg\",\"width\":410,\"height\":180,\"caption\":\"Agence de ventes DCM |\u00a0Authentique Fromage - Cheese\"},\"image\":{\"@id\":\"https:\/\/agencedcm.com\/#\/schema\/logo\/image\/\"}}]}<\/script>\n<!-- \/ Yoast SEO plugin. -->","yoast_head_json":{"title":"Fromagerie Montebello | Agence de ventes DCM","robots":{"index":"index","follow":"follow","max-snippet":"max-snippet:-1","max-image-preview":"max-image-preview:large","max-video-preview":"max-video-preview:-1"},"canonical":"https:\/\/agencedcm.com\/nos-fromageries\/fromagerie-montebello\/","og_locale":"en_US","og_type":"article","og_title":"Fromagerie Montebello | Agence de ventes DCM","og_description":"Click on the image to enlarge and see the photo gallery Fromagerie MontebelloA Cheesemaker\u2019s Dream For years, Alain Boyer made cheese at Fromagerie in Plaisance, and then went in another direction\u2026 without ever forgetting his trade. In 2011, stars realigned. Fromagerie Montebello was born in the heart of the Petite-Nation, to cheese lovers\u2019 delight who [&hellip;]","og_url":"https:\/\/agencedcm.com\/nos-fromageries\/fromagerie-montebello\/","og_site_name":"Agence de ventes DCM","article_modified_time":"2019-04-08T13:58:02+00:00","og_image":[{"width":1200,"height":630,"url":"https:\/\/agencedcm.com\/wp-content\/uploads\/2019\/03\/dcm-site-web-poster.jpg","type":"image\/jpeg"}],"twitter_card":"summary_large_image","twitter_misc":{"Est. reading time":"3 minutes"},"schema":{"@context":"https:\/\/schema.org","@graph":[{"@type":"WebPage","@id":"https:\/\/agencedcm.com\/nos-fromageries\/fromagerie-montebello\/","url":"https:\/\/agencedcm.com\/nos-fromageries\/fromagerie-montebello\/","name":"Fromagerie Montebello | Agence de ventes DCM","isPartOf":{"@id":"https:\/\/agencedcm.com\/#website"},"datePublished":"2019-03-26T13:49:16+00:00","dateModified":"2019-04-08T13:58:02+00:00","breadcrumb":{"@id":"https:\/\/agencedcm.com\/nos-fromageries\/fromagerie-montebello\/#breadcrumb"},"inLanguage":"en-US","potentialAction":[{"@type":"ReadAction","target":["https:\/\/agencedcm.com\/nos-fromageries\/fromagerie-montebello\/"]}]},{"@type":"BreadcrumbList","@id":"https:\/\/agencedcm.com\/nos-fromageries\/fromagerie-montebello\/#breadcrumb","itemListElement":[{"@type":"ListItem","position":1,"name":"Home","item":"https:\/\/agencedcm.com\/en\/"},{"@type":"ListItem","position":2,"name":"Our cheesemakers","item":"https:\/\/agencedcm.com\/nos-fromageries\/"},{"@type":"ListItem","position":3,"name":"Fromagerie Montebello"}]},{"@type":"WebSite","@id":"https:\/\/agencedcm.com\/#website","url":"https:\/\/agencedcm.com\/","name":"Agence de ventes DCM","description":"Commercialisation de produits fins au Canada","publisher":{"@id":"https:\/\/agencedcm.com\/#organization"},"potentialAction":[{"@type":"SearchAction","target":{"@type":"EntryPoint","urlTemplate":"https:\/\/agencedcm.com\/?s={search_term_string}"},"query-input":{"@type":"PropertyValueSpecification","valueRequired":true,"valueName":"search_term_string"}}],"inLanguage":"en-US"},{"@type":"Organization","@id":"https:\/\/agencedcm.com\/#organization","name":"Agence de ventes DCM |\u00a0Authentique Fromage - Cheese","url":"https:\/\/agencedcm.com\/","logo":{"@type":"ImageObject","inLanguage":"en-US","@id":"https:\/\/agencedcm.com\/#\/schema\/logo\/image\/","url":"https:\/\/agencedcm.com\/wp-content\/uploads\/2019\/03\/logo-authentique-@2x.jpg","contentUrl":"https:\/\/agencedcm.com\/wp-content\/uploads\/2019\/03\/logo-authentique-@2x.jpg","width":410,"height":180,"caption":"Agence de ventes DCM |\u00a0Authentique Fromage - Cheese"},"image":{"@id":"https:\/\/agencedcm.com\/#\/schema\/logo\/image\/"}}]}},"_links":{"self":[{"href":"https:\/\/agencedcm.com\/en\/wp-json\/wp\/v2\/pages\/1124"}],"collection":[{"href":"https:\/\/agencedcm.com\/en\/wp-json\/wp\/v2\/pages"}],"about":[{"href":"https:\/\/agencedcm.com\/en\/wp-json\/wp\/v2\/types\/page"}],"author":[{"embeddable":true,"href":"https:\/\/agencedcm.com\/en\/wp-json\/wp\/v2\/users\/1"}],"replies":[{"embeddable":true,"href":"https:\/\/agencedcm.com\/en\/wp-json\/wp\/v2\/comments?post=1124"}],"version-history":[{"count":5,"href":"https:\/\/agencedcm.com\/en\/wp-json\/wp\/v2\/pages\/1124\/revisions"}],"predecessor-version":[{"id":1438,"href":"https:\/\/agencedcm.com\/en\/wp-json\/wp\/v2\/pages\/1124\/revisions\/1438"}],"up":[{"embeddable":true,"href":"https:\/\/agencedcm.com\/en\/wp-json\/wp\/v2\/pages\/1140"}],"wp:attachment":[{"href":"https:\/\/agencedcm.com\/en\/wp-json\/wp\/v2\/media?parent=1124"}],"curies":[{"name":"wp","href":"https:\/\/api.w.org\/{rel}","templated":true}]}}